{"id":116,"date":"2019-10-05T18:58:31","date_gmt":"2019-10-05T16:58:31","guid":{"rendered":"http:\/\/awaw.pl\/?page_id=116"},"modified":"2019-10-25T11:36:14","modified_gmt":"2019-10-25T09:36:14","slug":"kuchnia","status":"publish","type":"page","link":"https:\/\/awaw.pl\/?page_id=116","title":{"rendered":"Kuchnia"},"content":{"rendered":"\n<p class=\"has-medium-font-size\">\u0141omianki &#8211;  realizacja projektu kuchni (2018)  <\/p>\n\n\n\n<p>Klasyczna kuchnia, w kt\u00f3rej dominuje biel i wyrazisty kamienny blat z granitu. Elegancji realizacji dodaje marmurowa pod\u0142oga z bordiur\u0105 (klasyczny marmur carraryjski oraz szary carraryjski marmur bardiglio).<\/p>\n\n\n\n<p>Opracowanie projektu wn\u0119trz i nadz\u00f3r nad jego realizacj\u0105 &#8211; <strong><a href=\"http:\/\/awaw.pl\/\">Pracownia AWAW<\/a><\/strong><\/p>\n\n\n\n<p>Wykonanie element\u00f3w stolarskich &#8211; <strong><a href=\"http:\/\/www.puntodesign.pl\/\">Punto Design<\/a><\/strong><\/p>\n\n\n\n<p>Blat kamienny (granit White Stone) &#8211; <a href=\"https:\/\/www.mapstone.pl\/\">Map Stone<\/a><\/p>\n\n\n\n<p>Zdj\u0119cia &#8211; <a href=\"http:\/\/michalmlynarczyk.com\/wnetrza\">Micha\u0142 M\u0142ynarczyk<\/a><\/p>\n\n\n\n<p>Projekt budowlany i wykonawczy realizowany przez <strong>Plus 48 Grupa Projektowa s.c.<\/strong><\/p>\n\n\n\n<figure class=\"wp-block-image\"><img decoding=\"async\" loading=\"lazy\" width=\"1024\" height=\"683\" src=\"http:\/\/awaw.pl\/wp-content\/uploads\/2019\/10\/IMG_5487-1024x683.jpg\" alt=\"\" class=\"wp-image-120\" srcset=\"https:\/\/awaw.pl\/wp-content\/uploads\/2019\/10\/IMG_5487-1024x683.jpg 1024w, https:\/\/awaw.pl\/wp-content\/uploads\/2019\/10\/IMG_5487-300x200.jpg 300w, https:\/\/awaw.pl\/wp-content\/uploads\/2019\/10\/IMG_5487-768x512.jpg 768w, https:\/\/awaw.pl\/wp-content\/uploads\/2019\/10\/IMG_5487-200x133.jpg 200w\" sizes=\"(max-width: 1024px) 100vw, 1024px\" \/><\/figure>\n\n\n\n<figure class=\"wp-block-image\"><img decoding=\"async\" loading=\"lazy\" width=\"1024\" height=\"683\" src=\"http:\/\/awaw.pl\/wp-content\/uploads\/2019\/10\/IMG_5466-1024x683.jpg\" alt=\"\" class=\"wp-image-118\" srcset=\"https:\/\/awaw.pl\/wp-content\/uploads\/2019\/10\/IMG_5466-1024x683.jpg 1024w, https:\/\/awaw.pl\/wp-content\/uploads\/2019\/10\/IMG_5466-300x200.jpg 300w, https:\/\/awaw.pl\/wp-content\/uploads\/2019\/10\/IMG_5466-768x512.jpg 768w, https:\/\/awaw.pl\/wp-content\/uploads\/2019\/10\/IMG_5466-200x133.jpg 200w\" sizes=\"(max-width: 1024px) 100vw, 1024px\" \/><\/figure>\n\n\n\n<figure class=\"wp-block-image\"><img decoding=\"async\" loading=\"lazy\" width=\"1024\" height=\"683\" src=\"http:\/\/awaw.pl\/wp-content\/uploads\/2019\/10\/IMG_5473-1024x683.jpg\" alt=\"\" class=\"wp-image-119\" srcset=\"https:\/\/awaw.pl\/wp-content\/uploads\/2019\/10\/IMG_5473-1024x683.jpg 1024w, https:\/\/awaw.pl\/wp-content\/uploads\/2019\/10\/IMG_5473-300x200.jpg 300w, https:\/\/awaw.pl\/wp-content\/uploads\/2019\/10\/IMG_5473-768x512.jpg 768w, https:\/\/awaw.pl\/wp-content\/uploads\/2019\/10\/IMG_5473-200x133.jpg 200w\" sizes=\"(max-width: 1024px) 100vw, 1024px\" \/><\/figure>\n\n\n\n<figure class=\"wp-block-image\"><img decoding=\"async\" loading=\"lazy\" width=\"1024\" height=\"683\" src=\"http:\/\/awaw.pl\/wp-content\/uploads\/2019\/10\/IMG_5501-1024x683.jpg\" alt=\"\" class=\"wp-image-121\" srcset=\"https:\/\/awaw.pl\/wp-content\/uploads\/2019\/10\/IMG_5501-1024x683.jpg 1024w, https:\/\/awaw.pl\/wp-content\/uploads\/2019\/10\/IMG_5501-300x200.jpg 300w, https:\/\/awaw.pl\/wp-content\/uploads\/2019\/10\/IMG_5501-768x512.jpg 768w, https:\/\/awaw.pl\/wp-content\/uploads\/2019\/10\/IMG_5501-200x133.jpg 200w\" sizes=\"(max-width: 1024px) 100vw, 1024px\" \/><figcaption>Widok na kuchni\u0119 z salonu<\/figcaption><\/figure>\n\n\n\n<p><a href=\"http:\/\/awaw.pl\/?page_id=25\">Powr\u00f3t do listy realizacji<\/a><\/p>\n","protected":false},"excerpt":{"rendered":"<p>\u0141omianki &#8211; realizacja projektu kuchni (2018) Klasyczna kuchnia, w kt\u00f3rej dominuje biel i wyrazisty kamienny blat z granitu. Elegancji realizacji dodaje marmurowa pod\u0142oga z bordiur\u0105 (klasyczny marmur carraryjski oraz szary carraryjski marmur bardiglio). Opracowanie projektu wn\u0119trz i nadz\u00f3r nad jego realizacj\u0105 &#8211; Pracownia AWAW Wykonanie element\u00f3w stolarskich &#8211; Punto Design Blat kamienny (granit White Stone) [&hellip;]<\/p>\n<p><a class=\"moretag\" href=\"https:\/\/awaw.pl\/?page_id=116\">Read more<\/a><\/p>\n","protected":false},"author":1,"featured_media":117,"parent":0,"menu_order":0,"comment_status":"closed","ping_status":"closed","template":"","meta":{"_vp_format_video_url":"","_vp_image_focal_point":[]},"_links":{"self":[{"href":"https:\/\/awaw.pl\/index.php?rest_route=\/wp\/v2\/pages\/116"}],"collection":[{"href":"https:\/\/awaw.pl\/index.php?rest_route=\/wp\/v2\/pages"}],"about":[{"href":"https:\/\/awaw.pl\/index.php?rest_route=\/wp\/v2\/types\/page"}],"author":[{"embeddable":true,"href":"https:\/\/awaw.pl\/index.php?rest_route=\/wp\/v2\/users\/1"}],"replies":[{"embeddable":true,"href":"https:\/\/awaw.pl\/index.php?rest_route=%2Fwp%2Fv2%2Fcomments&post=116"}],"version-history":[{"count":5,"href":"https:\/\/awaw.pl\/index.php?rest_route=\/wp\/v2\/pages\/116\/revisions"}],"predecessor-version":[{"id":300,"href":"https:\/\/awaw.pl\/index.php?rest_route=\/wp\/v2\/pages\/116\/revisions\/300"}],"wp:featuredmedia":[{"embeddable":true,"href":"https:\/\/awaw.pl\/index.php?rest_route=\/wp\/v2\/media\/117"}],"wp:attachment":[{"href":"https:\/\/awaw.pl\/index.php?rest_route=%2Fwp%2Fv2%2Fmedia&parent=116"}],"curies":[{"name":"wp","href":"https:\/\/api.w.org\/{rel}","templated":true}]}}