{"id":127,"date":"2019-10-05T19:22:47","date_gmt":"2019-10-05T17:22:47","guid":{"rendered":"http:\/\/awaw.pl\/?page_id=127"},"modified":"2019-10-25T11:36:39","modified_gmt":"2019-10-25T09:36:39","slug":"hol-glowne-wejscie","status":"publish","type":"page","link":"https:\/\/awaw.pl\/?page_id=127","title":{"rendered":"Hol"},"content":{"rendered":"\n<p class=\"has-medium-font-size\">\u0141omianki &#8211;  realizacja projektu holu (2018) <\/p>\n\n\n\n<p>G\u0142\u00f3wne wej\u015bcie do domu jednorodzinnego. Dominuj\u0105ca biel wraz z szaf\u0105 z lustrem pot\u0119guj\u0105 wra\u017cenie przestrzeni. Elegancji realizacji dodaje marmurowa pod\u0142oga z bordiur\u0105 (klasyczny marmur carraryjski oraz szary carraryjski marmur bardiglio). <\/p>\n\n\n\n<p>Opracowanie projektu wn\u0119trz i nadz\u00f3r nad jego realizacj\u0105 &#8211; <strong><a href=\"http:\/\/awaw.pl\/\">Pracownia AWAW<\/a><\/strong><\/p>\n\n\n\n<p>Wykonanie element\u00f3w stolarskich &#8211; <strong><a href=\"http:\/\/www.puntodesign.pl\/\">Punto Design<\/a><\/strong><\/p>\n\n\n\n<p>Zdj\u0119cia &#8211; <a href=\"http:\/\/michalmlynarczyk.com\/wnetrza\">Micha\u0142 M\u0142ynarczyk<\/a><\/p>\n\n\n\n<p>Projekt budowlany i wykonawczy realizowany przez <strong>Plus 48 Grupa Projektowa s.c.<\/strong><\/p>\n\n\n\n<figure class=\"wp-block-image\"><img decoding=\"async\" loading=\"lazy\" width=\"1024\" height=\"683\" src=\"http:\/\/awaw.pl\/wp-content\/uploads\/2019\/10\/1-2-1024x683.jpg\" alt=\"\" class=\"wp-image-129\" srcset=\"https:\/\/awaw.pl\/wp-content\/uploads\/2019\/10\/1-2-1024x683.jpg 1024w, https:\/\/awaw.pl\/wp-content\/uploads\/2019\/10\/1-2-300x200.jpg 300w, https:\/\/awaw.pl\/wp-content\/uploads\/2019\/10\/1-2-768x512.jpg 768w, https:\/\/awaw.pl\/wp-content\/uploads\/2019\/10\/1-2-200x133.jpg 200w\" sizes=\"(max-width: 1024px) 100vw, 1024px\" \/><\/figure>\n\n\n\n<figure class=\"wp-block-image\"><img decoding=\"async\" loading=\"lazy\" width=\"1024\" height=\"683\" src=\"http:\/\/awaw.pl\/wp-content\/uploads\/2019\/10\/IMG_5529-1024x683.jpg\" alt=\"\" class=\"wp-image-131\" srcset=\"https:\/\/awaw.pl\/wp-content\/uploads\/2019\/10\/IMG_5529-1024x683.jpg 1024w, https:\/\/awaw.pl\/wp-content\/uploads\/2019\/10\/IMG_5529-300x200.jpg 300w, https:\/\/awaw.pl\/wp-content\/uploads\/2019\/10\/IMG_5529-768x512.jpg 768w, https:\/\/awaw.pl\/wp-content\/uploads\/2019\/10\/IMG_5529-200x133.jpg 200w\" sizes=\"(max-width: 1024px) 100vw, 1024px\" \/><\/figure>\n\n\n\n<div class=\"wp-block-image\"><figure class=\"aligncenter\"><img decoding=\"async\" loading=\"lazy\" width=\"683\" height=\"1024\" src=\"http:\/\/awaw.pl\/wp-content\/uploads\/2019\/10\/IMG_5333-683x1024.jpg\" alt=\"\" class=\"wp-image-130\" srcset=\"https:\/\/awaw.pl\/wp-content\/uploads\/2019\/10\/IMG_5333-683x1024.jpg 683w, https:\/\/awaw.pl\/wp-content\/uploads\/2019\/10\/IMG_5333-200x300.jpg 200w, https:\/\/awaw.pl\/wp-content\/uploads\/2019\/10\/IMG_5333-768x1152.jpg 768w\" sizes=\"(max-width: 683px) 100vw, 683px\" \/><\/figure><\/div>\n\n\n\n<p><a href=\"http:\/\/awaw.pl\/?page_id=25\">Powr\u00f3t do listy realizacji<\/a><\/p>\n","protected":false},"excerpt":{"rendered":"<p>\u0141omianki &#8211; realizacja projektu holu (2018) G\u0142\u00f3wne wej\u015bcie do domu jednorodzinnego. Dominuj\u0105ca biel wraz z szaf\u0105 z lustrem pot\u0119guj\u0105 wra\u017cenie przestrzeni. Elegancji realizacji dodaje marmurowa pod\u0142oga z bordiur\u0105 (klasyczny marmur carraryjski oraz szary carraryjski marmur bardiglio). Opracowanie projektu wn\u0119trz i nadz\u00f3r nad jego realizacj\u0105 &#8211; Pracownia AWAW Wykonanie element\u00f3w stolarskich &#8211; Punto Design Zdj\u0119cia &#8211; [&hellip;]<\/p>\n<p><a class=\"moretag\" href=\"https:\/\/awaw.pl\/?page_id=127\">Read more<\/a><\/p>\n","protected":false},"author":1,"featured_media":245,"parent":0,"menu_order":0,"comment_status":"closed","ping_status":"closed","template":"","meta":{"_vp_format_video_url":"","_vp_image_focal_point":[]},"_links":{"self":[{"href":"https:\/\/awaw.pl\/index.php?rest_route=\/wp\/v2\/pages\/127"}],"collection":[{"href":"https:\/\/awaw.pl\/index.php?rest_route=\/wp\/v2\/pages"}],"about":[{"href":"https:\/\/awaw.pl\/index.php?rest_route=\/wp\/v2\/types\/page"}],"author":[{"embeddable":true,"href":"https:\/\/awaw.pl\/index.php?rest_route=\/wp\/v2\/users\/1"}],"replies":[{"embeddable":true,"href":"https:\/\/awaw.pl\/index.php?rest_route=%2Fwp%2Fv2%2Fcomments&post=127"}],"version-history":[{"count":15,"href":"https:\/\/awaw.pl\/index.php?rest_route=\/wp\/v2\/pages\/127\/revisions"}],"predecessor-version":[{"id":303,"href":"https:\/\/awaw.pl\/index.php?rest_route=\/wp\/v2\/pages\/127\/revisions\/303"}],"wp:featuredmedia":[{"embeddable":true,"href":"https:\/\/awaw.pl\/index.php?rest_route=\/wp\/v2\/media\/245"}],"wp:attachment":[{"href":"https:\/\/awaw.pl\/index.php?rest_route=%2Fwp%2Fv2%2Fmedia&parent=127"}],"curies":[{"name":"wp","href":"https:\/\/api.w.org\/{rel}","templated":true}]}}