{"id":171,"date":"2019-10-06T18:22:20","date_gmt":"2019-10-06T16:22:20","guid":{"rendered":"http:\/\/awaw.pl\/?page_id=171"},"modified":"2019-10-25T11:36:06","modified_gmt":"2019-10-25T09:36:06","slug":"lazienka","status":"publish","type":"page","link":"https:\/\/awaw.pl\/?page_id=171","title":{"rendered":"\u0141azienka"},"content":{"rendered":"\n<p class=\"has-medium-font-size\">\u0141omianki &#8211;  realizacja projektu \u0142azienki w domu jednorodzinnym (2018)  <\/p>\n\n\n\n<p>Realizacja projektu \u0142azienki w domu jednorodzinnym. Centralnym punktem pomieszczenia jest wolno stoj\u0105ca wanna, ca\u0142o\u015b\u0107 realizacji podkre\u015blaj\u0105 wyrazisty marmur Lilac.<\/p>\n\n\n\n<p>Opracowanie projektu wn\u0119trz i nadz\u00f3r nad jego realizacj\u0105 &#8211; <strong><a href=\"http:\/\/awaw.pl\/\">Pracownia AWAW<\/a><\/strong><\/p>\n\n\n\n<p>Wykonanie element\u00f3w stolarskich &#8211; <strong><a href=\"http:\/\/www.puntodesign.pl\/\">Punto Design<\/a><\/strong><\/p>\n\n\n\n<p>Dostawca kamienia &#8211; <a href=\"https:\/\/metamar.pl\/\"><strong>MetaMar Kamienie Naturalne<\/strong><\/a><\/p>\n\n\n\n<p>Zdj\u0119cia &#8211; <a href=\"http:\/\/michalmlynarczyk.com\/wnetrza\">Micha\u0142 M\u0142ynarczyk<\/a><\/p>\n\n\n\n<p>Projekt budowlany i wykonawczy realizowany przez <strong>Plus 48 Grupa Projektowa s.c.<\/strong><\/p>\n\n\n\n<figure class=\"wp-block-image\"><img decoding=\"async\" loading=\"lazy\" width=\"1024\" height=\"683\" src=\"http:\/\/awaw.pl\/wp-content\/uploads\/2019\/10\/IMG_5543-1024x683.jpg\" alt=\"\" class=\"wp-image-177\" srcset=\"https:\/\/awaw.pl\/wp-content\/uploads\/2019\/10\/IMG_5543-1024x683.jpg 1024w, https:\/\/awaw.pl\/wp-content\/uploads\/2019\/10\/IMG_5543-300x200.jpg 300w, https:\/\/awaw.pl\/wp-content\/uploads\/2019\/10\/IMG_5543-768x512.jpg 768w, https:\/\/awaw.pl\/wp-content\/uploads\/2019\/10\/IMG_5543-200x133.jpg 200w\" sizes=\"(max-width: 1024px) 100vw, 1024px\" \/><\/figure>\n\n\n\n<ul class=\"is-layout-flex wp-block-gallery-1 wp-block-gallery columns-1 is-cropped\"><li class=\"blocks-gallery-item\"><figure><img decoding=\"async\" loading=\"lazy\" width=\"1024\" height=\"1024\" src=\"http:\/\/awaw.pl\/wp-content\/uploads\/2019\/10\/2-1024x1024.jpg\" alt=\"\" data-id=\"185\" data-link=\"http:\/\/awaw.pl\/?attachment_id=185\" class=\"wp-image-185\" srcset=\"https:\/\/awaw.pl\/wp-content\/uploads\/2019\/10\/2-1024x1024.jpg 1024w, https:\/\/awaw.pl\/wp-content\/uploads\/2019\/10\/2-150x150.jpg 150w, https:\/\/awaw.pl\/wp-content\/uploads\/2019\/10\/2-300x300.jpg 300w, https:\/\/awaw.pl\/wp-content\/uploads\/2019\/10\/2-768x768.jpg 768w, https:\/\/awaw.pl\/wp-content\/uploads\/2019\/10\/2-200x200.jpg 200w\" sizes=\"(max-width: 1024px) 100vw, 1024px\" \/><\/figure><\/li><\/ul>\n\n\n\n<figure class=\"wp-block-image\"><img decoding=\"async\" loading=\"lazy\" width=\"1024\" height=\"1024\" src=\"http:\/\/awaw.pl\/wp-content\/uploads\/2019\/10\/1-4-1024x1024.jpg\" alt=\"\" class=\"wp-image-181\" srcset=\"https:\/\/awaw.pl\/wp-content\/uploads\/2019\/10\/1-4-1024x1024.jpg 1024w, https:\/\/awaw.pl\/wp-content\/uploads\/2019\/10\/1-4-150x150.jpg 150w, https:\/\/awaw.pl\/wp-content\/uploads\/2019\/10\/1-4-300x300.jpg 300w, https:\/\/awaw.pl\/wp-content\/uploads\/2019\/10\/1-4-768x768.jpg 768w, https:\/\/awaw.pl\/wp-content\/uploads\/2019\/10\/1-4-200x200.jpg 200w\" sizes=\"(max-width: 1024px) 100vw, 1024px\" \/><\/figure>\n\n\n\n<p><a href=\"http:\/\/awaw.pl\/?page_id=25\">Powr\u00f3t do listy realizacji<\/a><\/p>\n","protected":false},"excerpt":{"rendered":"<p>\u0141omianki &#8211; realizacja projektu \u0142azienki w domu jednorodzinnym (2018) Realizacja projektu \u0142azienki w domu jednorodzinnym. Centralnym punktem pomieszczenia jest wolno stoj\u0105ca wanna, ca\u0142o\u015b\u0107 realizacji podkre\u015blaj\u0105 wyrazisty marmur Lilac. Opracowanie projektu wn\u0119trz i nadz\u00f3r nad jego realizacj\u0105 &#8211; Pracownia AWAW Wykonanie element\u00f3w stolarskich &#8211; Punto Design Dostawca kamienia &#8211; MetaMar Kamienie Naturalne Zdj\u0119cia &#8211; Micha\u0142 M\u0142ynarczyk [&hellip;]<\/p>\n<p><a class=\"moretag\" href=\"https:\/\/awaw.pl\/?page_id=171\">Read more<\/a><\/p>\n","protected":false},"author":1,"featured_media":175,"parent":0,"menu_order":0,"comment_status":"closed","ping_status":"closed","template":"","meta":{"_vp_format_video_url":"","_vp_image_focal_point":[]},"_links":{"self":[{"href":"https:\/\/awaw.pl\/index.php?rest_route=\/wp\/v2\/pages\/171"}],"collection":[{"href":"https:\/\/awaw.pl\/index.php?rest_route=\/wp\/v2\/pages"}],"about":[{"href":"https:\/\/awaw.pl\/index.php?rest_route=\/wp\/v2\/types\/page"}],"author":[{"embeddable":true,"href":"https:\/\/awaw.pl\/index.php?rest_route=\/wp\/v2\/users\/1"}],"replies":[{"embeddable":true,"href":"https:\/\/awaw.pl\/index.php?rest_route=%2Fwp%2Fv2%2Fcomments&post=171"}],"version-history":[{"count":7,"href":"https:\/\/awaw.pl\/index.php?rest_route=\/wp\/v2\/pages\/171\/revisions"}],"predecessor-version":[{"id":299,"href":"https:\/\/awaw.pl\/index.php?rest_route=\/wp\/v2\/pages\/171\/revisions\/299"}],"wp:featuredmedia":[{"embeddable":true,"href":"https:\/\/awaw.pl\/index.php?rest_route=\/wp\/v2\/media\/175"}],"wp:attachment":[{"href":"https:\/\/awaw.pl\/index.php?rest_route=%2Fwp%2Fv2%2Fmedia&parent=171"}],"curies":[{"name":"wp","href":"https:\/\/api.w.org\/{rel}","templated":true}]}}