{"id":196,"date":"2019-10-24T21:23:28","date_gmt":"2019-10-24T19:23:28","guid":{"rendered":"http:\/\/awaw.pl\/?page_id=196"},"modified":"2019-10-25T11:35:29","modified_gmt":"2019-10-25T09:35:29","slug":"mieszkanie","status":"publish","type":"page","link":"https:\/\/awaw.pl\/?page_id=196","title":{"rendered":"Mieszkanie"},"content":{"rendered":"\n<p style=\"font-size:18px\">Warszawa, Praga Po\u0142udnie &#8211; <br>realizacja projektu mieszkania o powierzchni 60 m<sup>2<\/sup>.<\/p>\n\n\n\n<p>Centralnym punktem mieszkania jest oryginalna i niezwykle wyrazista tapeta z motywem owad\u00f3w. W mieszkaniu dominuj\u0105 szaro\u015bci oraz barwy rdzawe. Ca\u0142o\u015b\u0107 kompozycji uzupe\u0142niaj\u0105 czarne detale.<\/p>\n\n\n\n<p>Opracowanie projektu wn\u0119trz i nadz\u00f3r nad jego realizacj\u0105 &#8211; <strong><a href=\"http:\/\/awaw.pl\/\">Pracownia AWAW<\/a><\/strong><\/p>\n\n\n\n<p> Zdj\u0119cia  &#8211; Karol Kami\u0144ski  <\/p>\n\n\n\n<figure class=\"wp-block-image\"><img decoding=\"async\" loading=\"lazy\" width=\"1024\" height=\"684\" src=\"http:\/\/awaw.pl\/wp-content\/uploads\/2019\/10\/DSC_2540a-1-1024x684.jpg\" alt=\"\" class=\"wp-image-230\" srcset=\"https:\/\/awaw.pl\/wp-content\/uploads\/2019\/10\/DSC_2540a-1-1024x684.jpg 1024w, https:\/\/awaw.pl\/wp-content\/uploads\/2019\/10\/DSC_2540a-1-300x200.jpg 300w, https:\/\/awaw.pl\/wp-content\/uploads\/2019\/10\/DSC_2540a-1-768x513.jpg 768w, https:\/\/awaw.pl\/wp-content\/uploads\/2019\/10\/DSC_2540a-1-200x134.jpg 200w\" sizes=\"(max-width: 1024px) 100vw, 1024px\" \/><\/figure>\n\n\n\n<figure class=\"wp-block-image\"><img decoding=\"async\" loading=\"lazy\" width=\"1024\" height=\"682\" src=\"http:\/\/awaw.pl\/wp-content\/uploads\/2019\/10\/DSC_2351-3-1024x682.jpg\" alt=\"\" class=\"wp-image-237\" srcset=\"https:\/\/awaw.pl\/wp-content\/uploads\/2019\/10\/DSC_2351-3-1024x682.jpg 1024w, https:\/\/awaw.pl\/wp-content\/uploads\/2019\/10\/DSC_2351-3-300x200.jpg 300w, https:\/\/awaw.pl\/wp-content\/uploads\/2019\/10\/DSC_2351-3-768x512.jpg 768w, https:\/\/awaw.pl\/wp-content\/uploads\/2019\/10\/DSC_2351-3-200x133.jpg 200w, https:\/\/awaw.pl\/wp-content\/uploads\/2019\/10\/DSC_2351-3.jpg 1920w\" sizes=\"(max-width: 1024px) 100vw, 1024px\" \/><\/figure>\n\n\n\n<div class=\"wp-block-jetpack-tiled-gallery aligncenter is-style-square\"><div class=\"tiled-gallery__gallery\"><div class=\"tiled-gallery__row columns-1\"><div class=\"tiled-gallery__col\"><figure class=\"tiled-gallery__item\"><img decoding=\"async\" alt=\"\" data-height=\"2877\" data-id=\"246\" data-link=\"http:\/\/awaw.pl\/?attachment_id=246\" data-url=\"http:\/\/awaw.pl\/wp-content\/uploads\/2019\/10\/DSC_2378.jpg\" data-width=\"1920\" src=\"https:\/\/i0.wp.com\/awaw.pl\/wp-content\/uploads\/2019\/10\/DSC_2378.jpg?resize=1920%2C1920\"\/><\/figure><\/div><\/div><div class=\"tiled-gallery__row columns-2\"><div class=\"tiled-gallery__col\"><figure class=\"tiled-gallery__item\"><img decoding=\"async\" alt=\"\" data-height=\"2876\" data-id=\"239\" data-link=\"http:\/\/awaw.pl\/?attachment_id=239\" data-url=\"http:\/\/awaw.pl\/wp-content\/uploads\/2019\/10\/DSC_2396-3.jpg\" data-width=\"1920\" src=\"https:\/\/i2.wp.com\/awaw.pl\/wp-content\/uploads\/2019\/10\/DSC_2396-3.jpg?resize=1920%2C1920\"\/><\/figure><\/div><div class=\"tiled-gallery__col\"><figure class=\"tiled-gallery__item\"><img decoding=\"async\" alt=\"\" data-height=\"1282\" data-id=\"226\" data-link=\"http:\/\/awaw.pl\/?attachment_id=226\" data-url=\"http:\/\/awaw.pl\/wp-content\/uploads\/2019\/10\/DSC_2448-1.jpg\" data-width=\"1920\" src=\"https:\/\/i2.wp.com\/awaw.pl\/wp-content\/uploads\/2019\/10\/DSC_2448-1.jpg?resize=1282%2C1282\"\/><\/figure><\/div><\/div><\/div><\/div>\n\n\n\n<ul class=\"is-layout-flex wp-block-gallery-1 wp-block-gallery columns-2 is-cropped\"><li class=\"blocks-gallery-item\"><figure><img decoding=\"async\" loading=\"lazy\" width=\"1024\" height=\"1024\" src=\"http:\/\/awaw.pl\/wp-content\/uploads\/2019\/10\/DSC_2462a-1024x1024.jpg\" alt=\"\" data-id=\"227\" data-link=\"http:\/\/awaw.pl\/?attachment_id=227\" class=\"wp-image-227\" srcset=\"https:\/\/awaw.pl\/wp-content\/uploads\/2019\/10\/DSC_2462a-1024x1024.jpg 1024w, https:\/\/awaw.pl\/wp-content\/uploads\/2019\/10\/DSC_2462a-150x150.jpg 150w, https:\/\/awaw.pl\/wp-content\/uploads\/2019\/10\/DSC_2462a-300x300.jpg 300w, https:\/\/awaw.pl\/wp-content\/uploads\/2019\/10\/DSC_2462a-768x768.jpg 768w, https:\/\/awaw.pl\/wp-content\/uploads\/2019\/10\/DSC_2462a-200x200.jpg 200w, https:\/\/awaw.pl\/wp-content\/uploads\/2019\/10\/DSC_2462a.jpg 1920w\" sizes=\"(max-width: 1024px) 100vw, 1024px\" \/><\/figure><\/li><li class=\"blocks-gallery-item\"><figure><img decoding=\"async\" loading=\"lazy\" width=\"708\" height=\"1024\" src=\"http:\/\/awaw.pl\/wp-content\/uploads\/2019\/10\/laz-708x1024.jpg\" alt=\"\" data-id=\"231\" data-link=\"http:\/\/awaw.pl\/?attachment_id=231\" class=\"wp-image-231\" srcset=\"https:\/\/awaw.pl\/wp-content\/uploads\/2019\/10\/laz-708x1024.jpg 708w, https:\/\/awaw.pl\/wp-content\/uploads\/2019\/10\/laz-207x300.jpg 207w, https:\/\/awaw.pl\/wp-content\/uploads\/2019\/10\/laz-768x1111.jpg 768w, https:\/\/awaw.pl\/wp-content\/uploads\/2019\/10\/laz-200x289.jpg 200w, https:\/\/awaw.pl\/wp-content\/uploads\/2019\/10\/laz.jpg 1920w\" sizes=\"(max-width: 708px) 100vw, 708px\" \/><\/figure><\/li><\/ul>\n\n\n\n<p><a href=\"http:\/\/awaw.pl\/?page_id=25\">Powr\u00f3t do listy realizacji<\/a><\/p>\n","protected":false},"excerpt":{"rendered":"<p>Warszawa, Praga Po\u0142udnie &#8211; realizacja projektu mieszkania o powierzchni 60 m2. Centralnym punktem mieszkania jest oryginalna i niezwykle wyrazista tapeta z motywem owad\u00f3w. W mieszkaniu dominuj\u0105 szaro\u015bci oraz barwy rdzawe. Ca\u0142o\u015b\u0107 kompozycji uzupe\u0142niaj\u0105 czarne detale. Opracowanie projektu wn\u0119trz i nadz\u00f3r nad jego realizacj\u0105 &#8211; Pracownia AWAW Zdj\u0119cia &#8211; Karol Kami\u0144ski Powr\u00f3t do listy realizacji<\/p>\n<p><a class=\"moretag\" href=\"https:\/\/awaw.pl\/?page_id=196\">Read more<\/a><\/p>\n","protected":false},"author":1,"featured_media":207,"parent":0,"menu_order":0,"comment_status":"closed","ping_status":"closed","template":"","meta":{"_vp_format_video_url":"","_vp_image_focal_point":[]},"_links":{"self":[{"href":"https:\/\/awaw.pl\/index.php?rest_route=\/wp\/v2\/pages\/196"}],"collection":[{"href":"https:\/\/awaw.pl\/index.php?rest_route=\/wp\/v2\/pages"}],"about":[{"href":"https:\/\/awaw.pl\/index.php?rest_route=\/wp\/v2\/types\/page"}],"author":[{"embeddable":true,"href":"https:\/\/awaw.pl\/index.php?rest_route=\/wp\/v2\/users\/1"}],"replies":[{"embeddable":true,"href":"https:\/\/awaw.pl\/index.php?rest_route=%2Fwp%2Fv2%2Fcomments&post=196"}],"version-history":[{"count":14,"href":"https:\/\/awaw.pl\/index.php?rest_route=\/wp\/v2\/pages\/196\/revisions"}],"predecessor-version":[{"id":297,"href":"https:\/\/awaw.pl\/index.php?rest_route=\/wp\/v2\/pages\/196\/revisions\/297"}],"wp:featuredmedia":[{"embeddable":true,"href":"https:\/\/awaw.pl\/index.php?rest_route=\/wp\/v2\/media\/207"}],"wp:attachment":[{"href":"https:\/\/awaw.pl\/index.php?rest_route=%2Fwp%2Fv2%2Fmedia&parent=196"}],"curies":[{"name":"wp","href":"https:\/\/api.w.org\/{rel}","templated":true}]}}