{"id":21,"date":"2019-10-02T21:59:32","date_gmt":"2019-10-02T19:59:32","guid":{"rendered":"http:\/\/awaw.pl\/?page_id=21"},"modified":"2023-01-24T12:18:35","modified_gmt":"2023-01-24T11:18:35","slug":"o-nas","status":"publish","type":"page","link":"https:\/\/awaw.pl\/?page_id=21","title":{"rendered":"O nas"},"content":{"rendered":"\n<p class=\"has-medium-font-size\">Nasza firma powsta\u0142a w 2017 roku. <br>W\u0142a\u015bcicielem biura jest mgr in\u017c. arch. Aleksandra Wojciechowska. <br>Nasze biuro proponuje Pa\u0144stwu wsp\u00f3\u0142prac\u0119 w zakresie <strong>architektury, nadzor\u00f3w, projektowania i aran\u017cacji wn\u0119trz<\/strong>. Tworzone przez nas projekty realizujemy w oparciu o wiedz\u0119, wszechstronno\u015b\u0107 i do\u015bwiadczenie naszego zespo\u0142u. Zapraszamy do zapoznania si\u0119 z naszymi <a href=\"http:\/\/awaw.pl\/?page_id=23\">projektami<\/a>, <a href=\"http:\/\/awaw.pl\/?page_id=25\">realizacjami<\/a> oraz naj\u015bwie\u017cszymi <a href=\"https:\/\/www.instagram.com\/awaw.biuro\/?hl=pl\">dzia\u0142aniami<\/a>.<\/p>\n\n\n\n<p class=\"has-medium-font-size\"><br><strong>Aleksandra Wojciechowska<\/strong>. Rocznik 1990.<\/p>\n\n\n\n<p class=\"has-medium-font-size\">Politechnika Pozna\u0144ska, Wydzia\u0142 Architektury, dyplom 2015.<br>Wy\u017csza Szko\u0142a Ekologii i Zarz\u0105dzania w Warszawie, dyplom 2013.<br>Wy\u017csza Szko\u0142a Sztuki i Projektowania w \u0141odzi, dyplom 2013.<\/p>\n\n\n\n<p class=\"has-medium-font-size\"><strong>Marta Feder<\/strong>. Rocznik 1991.<\/p>\n\n\n\n<p class=\"has-medium-font-size\">Wy\u017csza Szko\u0142a Ekologii i Zarz\u0105dzania w Warszawie.<\/p>\n\n\n\n<p class=\"has-medium-font-size\"><strong>Ewelina Mioduszewska<\/strong>. Rocznik 1997.<\/p>\n\n\n\n<p class=\"has-medium-font-size\">Wy\u017csza Szko\u0142a Ekologii i Zarz\u0105dzania w Warszawie.<\/p>\n","protected":false},"excerpt":{"rendered":"<p>Nasza firma powsta\u0142a w 2017 roku. W\u0142a\u015bcicielem biura jest mgr in\u017c. arch. Aleksandra Wojciechowska. Nasze biuro proponuje Pa\u0144stwu wsp\u00f3\u0142prac\u0119 w zakresie architektury, nadzor\u00f3w, projektowania i aran\u017cacji wn\u0119trz. Tworzone przez nas projekty realizujemy w oparciu o wiedz\u0119, wszechstronno\u015b\u0107 i do\u015bwiadczenie naszego zespo\u0142u. Zapraszamy do zapoznania si\u0119 z naszymi projektami, realizacjami oraz naj\u015bwie\u017cszymi dzia\u0142aniami. Aleksandra Wojciechowska. Rocznik [&hellip;]<\/p>\n<p><a class=\"moretag\" href=\"https:\/\/awaw.pl\/?page_id=21\">Read more<\/a><\/p>\n","protected":false},"author":1,"featured_media":0,"parent":0,"menu_order":0,"comment_status":"closed","ping_status":"closed","template":"","meta":{"_vp_format_video_url":"","_vp_image_focal_point":[]},"_links":{"self":[{"href":"https:\/\/awaw.pl\/index.php?rest_route=\/wp\/v2\/pages\/21"}],"collection":[{"href":"https:\/\/awaw.pl\/index.php?rest_route=\/wp\/v2\/pages"}],"about":[{"href":"https:\/\/awaw.pl\/index.php?rest_route=\/wp\/v2\/types\/page"}],"author":[{"embeddable":true,"href":"https:\/\/awaw.pl\/index.php?rest_route=\/wp\/v2\/users\/1"}],"replies":[{"embeddable":true,"href":"https:\/\/awaw.pl\/index.php?rest_route=%2Fwp%2Fv2%2Fcomments&post=21"}],"version-history":[{"count":19,"href":"https:\/\/awaw.pl\/index.php?rest_route=\/wp\/v2\/pages\/21\/revisions"}],"predecessor-version":[{"id":650,"href":"https:\/\/awaw.pl\/index.php?rest_route=\/wp\/v2\/pages\/21\/revisions\/650"}],"wp:attachment":[{"href":"https:\/\/awaw.pl\/index.php?rest_route=%2Fwp%2Fv2%2Fmedia&parent=21"}],"curies":[{"name":"wp","href":"https:\/\/api.w.org\/{rel}","templated":true}]}}