{"id":25,"date":"2019-10-02T22:00:07","date_gmt":"2019-10-02T20:00:07","guid":{"rendered":"http:\/\/awaw.pl\/?page_id=25"},"modified":"2020-02-10T22:18:11","modified_gmt":"2020-02-10T21:18:11","slug":"realizacje","status":"publish","type":"page","link":"https:\/\/awaw.pl\/?page_id=25","title":{"rendered":"Realizacje"},"content":{"rendered":"\n<p><a href=\"http:\/\/awaw.pl\/?page_id=196\">Warszawa, Praga Po\u0142udnie &#8211; realizacja projektu mieszkania (2017)<\/a><\/p>\n\n\n\n<p><a href=\"http:\/\/awaw.pl\/?page_id=270\">Warszawa, Targ\u00f3wek &#8211; realizacja projektu mieszkania (2017)<\/a><\/p>\n\n\n\n<p><a href=\"http:\/\/awaw.pl\/?page_id=253\">Warszawa, Wola &#8211; realizacja projektu mieszkania (2018)<\/a><\/p>\n\n\n\n<p><a href=\"http:\/\/awaw.pl\/?page_id=68\">Warszawa, \u017boliborz &#8211; realizacja projektu pokoju dzieci\u0119cego (2018)<\/a><\/p>\n\n\n\n<p><a href=\"http:\/\/awaw.pl\/?page_id=603\">Warszawa, Targ\u00f3wek &#8211; realizacja projektu mieszkania (2019)<\/a><\/p>\n\n\n\n<p><\/p>\n\n\n\n<p><a href=\"http:\/\/awaw.pl\/?page_id=116\">\u0141omianki &#8211; realizacja klasycznej kuchni w domu jednorodzinnym(2018)<\/a><\/p>\n\n\n\n<p><a href=\"http:\/\/awaw.pl\/?page_id=96\">\u0141omianki &#8211; realizacja pokoju dzieci\u0119cego w domu jednorodzinnym (2018)<\/a><\/p>\n\n\n\n<p><a href=\"http:\/\/awaw.pl\/?page_id=127\">\u0141omianki &#8211; realizacja holu g\u0142\u00f3wnego w domu jednorodzinnego (2018)<\/a><\/p>\n\n\n\n<p><a href=\"http:\/\/awaw.pl\/?page_id=171\">\u0141omianki &#8211; realizacja klasycznej \u0142azienki w domu jednorodzinnym (2018)<\/a><\/p>\n","protected":false},"excerpt":{"rendered":"<p>Warszawa, Praga Po\u0142udnie &#8211; realizacja projektu mieszkania (2017) Warszawa, Targ\u00f3wek &#8211; realizacja projektu mieszkania (2017) Warszawa, Wola &#8211; realizacja projektu mieszkania (2018) Warszawa, \u017boliborz &#8211; realizacja projektu pokoju dzieci\u0119cego (2018) Warszawa, Targ\u00f3wek &#8211; realizacja projektu mieszkania (2019) \u0141omianki &#8211; realizacja klasycznej kuchni w domu jednorodzinnym(2018) \u0141omianki &#8211; realizacja pokoju dzieci\u0119cego w domu jednorodzinnym (2018) \u0141omianki [&hellip;]<\/p>\n<p><a class=\"moretag\" href=\"https:\/\/awaw.pl\/?page_id=25\">Read more<\/a><\/p>\n","protected":false},"author":1,"featured_media":0,"parent":0,"menu_order":0,"comment_status":"closed","ping_status":"closed","template":"","meta":{"_vp_format_video_url":"","_vp_image_focal_point":[]},"_links":{"self":[{"href":"https:\/\/awaw.pl\/index.php?rest_route=\/wp\/v2\/pages\/25"}],"collection":[{"href":"https:\/\/awaw.pl\/index.php?rest_route=\/wp\/v2\/pages"}],"about":[{"href":"https:\/\/awaw.pl\/index.php?rest_route=\/wp\/v2\/types\/page"}],"author":[{"embeddable":true,"href":"https:\/\/awaw.pl\/index.php?rest_route=\/wp\/v2\/users\/1"}],"replies":[{"embeddable":true,"href":"https:\/\/awaw.pl\/index.php?rest_route=%2Fwp%2Fv2%2Fcomments&post=25"}],"version-history":[{"count":18,"href":"https:\/\/awaw.pl\/index.php?rest_route=\/wp\/v2\/pages\/25\/revisions"}],"predecessor-version":[{"id":616,"href":"https:\/\/awaw.pl\/index.php?rest_route=\/wp\/v2\/pages\/25\/revisions\/616"}],"wp:attachment":[{"href":"https:\/\/awaw.pl\/index.php?rest_route=%2Fwp%2Fv2%2Fmedia&parent=25"}],"curies":[{"name":"wp","href":"https:\/\/api.w.org\/{rel}","templated":true}]}}