{"id":253,"date":"2019-10-24T22:27:52","date_gmt":"2019-10-24T20:27:52","guid":{"rendered":"http:\/\/awaw.pl\/?page_id=253"},"modified":"2019-10-25T11:35:57","modified_gmt":"2019-10-25T09:35:57","slug":"mieszkanie-2","status":"publish","type":"page","link":"https:\/\/awaw.pl\/?page_id=253","title":{"rendered":"Mieszkanie"},"content":{"rendered":"\n<p class=\"has-medium-font-size\">Warszawa, Wola \u2013 <br>Realizacja projektu mieszkania o powierzchni 50 m<sup>2<\/sup>. <\/p>\n\n\n\n<p style=\"text-align:left\">W mieszkaniu dominuje biel w po\u0142\u0105czeniu z mocnymi akcentami czerni i wzor\u00f3w kamiennych. P\u0142ytki imituj\u0105ce marmury w pe\u0142nym po\u0142ysku zosta\u0142y wyciszone biel\u0105 i szaro\u015bci\u0105. Charakteru przestrzeni dodaj\u0105 wyraziste, czarne elementy wystroju wn\u0119trz. Sypialnia jako strefa odpoczynku i wyciszenia zosta\u0142a wzbogacona o delikatn\u0105, kobiec\u0105 tapet\u0119 z motywem kwiatowym. <\/p>\n\n\n\n<p>\n\nOpracowanie projektu i nadz\u00f3r nad realizacj\u0105 &#8211; <a href=\"http:\/\/awaw.pl\/\">Pracownia AWAW<\/a><\/p>\n\n\n\n<figure class=\"wp-block-image\"><img decoding=\"async\" loading=\"lazy\" width=\"1024\" height=\"684\" src=\"http:\/\/awaw.pl\/wp-content\/uploads\/2019\/10\/DSC_2671-1024x684.jpg\" alt=\"\" class=\"wp-image-257\" srcset=\"https:\/\/awaw.pl\/wp-content\/uploads\/2019\/10\/DSC_2671-1024x684.jpg 1024w, https:\/\/awaw.pl\/wp-content\/uploads\/2019\/10\/DSC_2671-300x200.jpg 300w, https:\/\/awaw.pl\/wp-content\/uploads\/2019\/10\/DSC_2671-768x513.jpg 768w, https:\/\/awaw.pl\/wp-content\/uploads\/2019\/10\/DSC_2671-200x134.jpg 200w, https:\/\/awaw.pl\/wp-content\/uploads\/2019\/10\/DSC_2671.jpg 1920w\" sizes=\"(max-width: 1024px) 100vw, 1024px\" \/><\/figure>\n\n\n\n<div class=\"wp-block-jetpack-tiled-gallery aligncenter is-style-rectangular\"><div class=\"tiled-gallery__gallery\"><div class=\"tiled-gallery__row\"><div class=\"tiled-gallery__col\"><figure class=\"tiled-gallery__item\"><img decoding=\"async\" alt=\"\" data-height=\"2876\" data-id=\"258\" data-link=\"http:\/\/awaw.pl\/?attachment_id=258\" data-url=\"http:\/\/awaw.pl\/wp-content\/uploads\/2019\/10\/DSC_2635.jpg\" data-width=\"1920\" src=\"https:\/\/i1.wp.com\/awaw.pl\/wp-content\/uploads\/2019\/10\/DSC_2635.jpg\"\/><\/figure><\/div><div class=\"tiled-gallery__col\"><figure class=\"tiled-gallery__item\"><img decoding=\"async\" alt=\"\" data-height=\"2876\" data-id=\"259\" data-link=\"http:\/\/awaw.pl\/?attachment_id=259\" data-url=\"http:\/\/awaw.pl\/wp-content\/uploads\/2019\/10\/DSC_2636.jpg\" data-width=\"1920\" src=\"https:\/\/i1.wp.com\/awaw.pl\/wp-content\/uploads\/2019\/10\/DSC_2636.jpg\"\/><\/figure><\/div><\/div><\/div><\/div>\n\n\n\n<figure class=\"wp-block-image\"><img decoding=\"async\" loading=\"lazy\" width=\"1024\" height=\"684\" src=\"http:\/\/awaw.pl\/wp-content\/uploads\/2019\/10\/DSC_2622-1024x684.jpg\" alt=\"\" class=\"wp-image-260\" srcset=\"https:\/\/awaw.pl\/wp-content\/uploads\/2019\/10\/DSC_2622-1024x684.jpg 1024w, https:\/\/awaw.pl\/wp-content\/uploads\/2019\/10\/DSC_2622-300x200.jpg 300w, https:\/\/awaw.pl\/wp-content\/uploads\/2019\/10\/DSC_2622-768x513.jpg 768w, https:\/\/awaw.pl\/wp-content\/uploads\/2019\/10\/DSC_2622-200x134.jpg 200w, https:\/\/awaw.pl\/wp-content\/uploads\/2019\/10\/DSC_2622.jpg 1920w\" sizes=\"(max-width: 1024px) 100vw, 1024px\" \/><\/figure>\n\n\n\n<ul class=\"is-layout-flex wp-block-gallery-1 wp-block-gallery columns-2 is-cropped\"><li class=\"blocks-gallery-item\"><figure><img decoding=\"async\" loading=\"lazy\" width=\"684\" height=\"1024\" src=\"http:\/\/awaw.pl\/wp-content\/uploads\/2019\/10\/DSC_2678-1-684x1024.jpg\" alt=\"\" data-id=\"261\" data-link=\"http:\/\/awaw.pl\/?attachment_id=261\" class=\"wp-image-261\" srcset=\"https:\/\/awaw.pl\/wp-content\/uploads\/2019\/10\/DSC_2678-1-684x1024.jpg 684w, https:\/\/awaw.pl\/wp-content\/uploads\/2019\/10\/DSC_2678-1-200x300.jpg 200w, https:\/\/awaw.pl\/wp-content\/uploads\/2019\/10\/DSC_2678-1-768x1150.jpg 768w, https:\/\/awaw.pl\/wp-content\/uploads\/2019\/10\/DSC_2678-1.jpg 1920w\" sizes=\"(max-width: 684px) 100vw, 684px\" \/><\/figure><\/li><li class=\"blocks-gallery-item\"><figure><img decoding=\"async\" loading=\"lazy\" width=\"684\" height=\"1024\" src=\"http:\/\/awaw.pl\/wp-content\/uploads\/2019\/10\/DSC_2679-684x1024.jpg\" alt=\"\" data-id=\"262\" data-link=\"http:\/\/awaw.pl\/?attachment_id=262\" class=\"wp-image-262\" srcset=\"https:\/\/awaw.pl\/wp-content\/uploads\/2019\/10\/DSC_2679-684x1024.jpg 684w, https:\/\/awaw.pl\/wp-content\/uploads\/2019\/10\/DSC_2679-200x300.jpg 200w, https:\/\/awaw.pl\/wp-content\/uploads\/2019\/10\/DSC_2679-768x1150.jpg 768w, https:\/\/awaw.pl\/wp-content\/uploads\/2019\/10\/DSC_2679.jpg 1920w\" sizes=\"(max-width: 684px) 100vw, 684px\" \/><\/figure><\/li><\/ul>\n\n\n\n<figure class=\"wp-block-image\"><img decoding=\"async\" loading=\"lazy\" width=\"1024\" height=\"684\" src=\"http:\/\/awaw.pl\/wp-content\/uploads\/2019\/10\/DSC_2737-1024x684.jpg\" alt=\"\" class=\"wp-image-263\" srcset=\"https:\/\/awaw.pl\/wp-content\/uploads\/2019\/10\/DSC_2737-1024x684.jpg 1024w, https:\/\/awaw.pl\/wp-content\/uploads\/2019\/10\/DSC_2737-300x200.jpg 300w, https:\/\/awaw.pl\/wp-content\/uploads\/2019\/10\/DSC_2737-768x513.jpg 768w, https:\/\/awaw.pl\/wp-content\/uploads\/2019\/10\/DSC_2737-200x134.jpg 200w, https:\/\/awaw.pl\/wp-content\/uploads\/2019\/10\/DSC_2737.jpg 1920w\" sizes=\"(max-width: 1024px) 100vw, 1024px\" \/><\/figure>\n\n\n\n<div class=\"wp-block-jetpack-tiled-gallery aligncenter is-style-rectangular\"><div class=\"tiled-gallery__gallery\"><div class=\"tiled-gallery__row\"><div class=\"tiled-gallery__col\"><figure class=\"tiled-gallery__item\"><img decoding=\"async\" alt=\"\" data-height=\"2876\" data-id=\"265\" data-link=\"http:\/\/awaw.pl\/?attachment_id=265\" data-url=\"http:\/\/awaw.pl\/wp-content\/uploads\/2019\/10\/DSC_2744.jpg\" data-width=\"1920\" src=\"https:\/\/i0.wp.com\/awaw.pl\/wp-content\/uploads\/2019\/10\/DSC_2744.jpg\"\/><\/figure><\/div><div class=\"tiled-gallery__col\"><figure class=\"tiled-gallery__item\"><img decoding=\"async\" alt=\"\" data-height=\"2876\" data-id=\"264\" data-link=\"http:\/\/awaw.pl\/?attachment_id=264\" data-url=\"http:\/\/awaw.pl\/wp-content\/uploads\/2019\/10\/DSC_2733.jpg\" data-width=\"1920\" src=\"https:\/\/i2.wp.com\/awaw.pl\/wp-content\/uploads\/2019\/10\/DSC_2733.jpg\"\/><\/figure><\/div><\/div><\/div><\/div>\n\n\n\n<figure class=\"wp-block-image\"><img decoding=\"async\" loading=\"lazy\" width=\"1024\" height=\"684\" src=\"http:\/\/awaw.pl\/wp-content\/uploads\/2019\/10\/DSC_2711x-1024x684.jpg\" alt=\"\" class=\"wp-image-268\" srcset=\"https:\/\/awaw.pl\/wp-content\/uploads\/2019\/10\/DSC_2711x-1024x684.jpg 1024w, https:\/\/awaw.pl\/wp-content\/uploads\/2019\/10\/DSC_2711x-300x200.jpg 300w, https:\/\/awaw.pl\/wp-content\/uploads\/2019\/10\/DSC_2711x-768x513.jpg 768w, https:\/\/awaw.pl\/wp-content\/uploads\/2019\/10\/DSC_2711x-200x134.jpg 200w\" sizes=\"(max-width: 1024px) 100vw, 1024px\" \/><\/figure>\n\n\n\n<p><a href=\"http:\/\/awaw.pl\/?page_id=25\">Powr\u00f3t do listy realizacji<\/a><\/p>\n","protected":false},"excerpt":{"rendered":"<p>Warszawa, Wola \u2013 Realizacja projektu mieszkania o powierzchni 50 m2. W mieszkaniu dominuje biel w po\u0142\u0105czeniu z mocnymi akcentami czerni i wzor\u00f3w kamiennych. P\u0142ytki imituj\u0105ce marmury w pe\u0142nym po\u0142ysku zosta\u0142y wyciszone biel\u0105 i szaro\u015bci\u0105. Charakteru przestrzeni dodaj\u0105 wyraziste, czarne elementy wystroju wn\u0119trz. Sypialnia jako strefa odpoczynku i wyciszenia zosta\u0142a wzbogacona o delikatn\u0105, kobiec\u0105 tapet\u0119 z [&hellip;]<\/p>\n<p><a class=\"moretag\" href=\"https:\/\/awaw.pl\/?page_id=253\">Read more<\/a><\/p>\n","protected":false},"author":1,"featured_media":256,"parent":0,"menu_order":0,"comment_status":"closed","ping_status":"closed","template":"","meta":{"_vp_format_video_url":"","_vp_image_focal_point":[]},"_links":{"self":[{"href":"https:\/\/awaw.pl\/index.php?rest_route=\/wp\/v2\/pages\/253"}],"collection":[{"href":"https:\/\/awaw.pl\/index.php?rest_route=\/wp\/v2\/pages"}],"about":[{"href":"https:\/\/awaw.pl\/index.php?rest_route=\/wp\/v2\/types\/page"}],"author":[{"embeddable":true,"href":"https:\/\/awaw.pl\/index.php?rest_route=\/wp\/v2\/users\/1"}],"replies":[{"embeddable":true,"href":"https:\/\/awaw.pl\/index.php?rest_route=%2Fwp%2Fv2%2Fcomments&post=253"}],"version-history":[{"count":5,"href":"https:\/\/awaw.pl\/index.php?rest_route=\/wp\/v2\/pages\/253\/revisions"}],"predecessor-version":[{"id":298,"href":"https:\/\/awaw.pl\/index.php?rest_route=\/wp\/v2\/pages\/253\/revisions\/298"}],"wp:featuredmedia":[{"embeddable":true,"href":"https:\/\/awaw.pl\/index.php?rest_route=\/wp\/v2\/media\/256"}],"wp:attachment":[{"href":"https:\/\/awaw.pl\/index.php?rest_route=%2Fwp%2Fv2%2Fmedia&parent=253"}],"curies":[{"name":"wp","href":"https:\/\/api.w.org\/{rel}","templated":true}]}}