{"id":270,"date":"2019-10-24T23:37:54","date_gmt":"2019-10-24T21:37:54","guid":{"rendered":"http:\/\/awaw.pl\/?page_id=270"},"modified":"2019-10-25T11:35:06","modified_gmt":"2019-10-25T09:35:06","slug":"mieszkanie-3","status":"publish","type":"page","link":"https:\/\/awaw.pl\/?page_id=270","title":{"rendered":"Mieszkanie"},"content":{"rendered":"\n<p class=\"has-medium-font-size\">Warszawa, Targ\u00f3wek &#8211;<br>realizacja projektu mieszkania o powierzchni 42m<sup>2<\/sup>.<\/p>\n\n\n\n<p>Mieszkanie przesz\u0142o gruntowny remont, zamienione miejscami zosta\u0142y pomieszczenia w celu uzyskania wygodnej i dostosowanej do potrzeb w\u0142a\u015bcicieli przestrzeni. Du\u017co drewna, biel, b\u0142\u0119kit i wz\u00f3r heksagonalny z motywem marmuru karraryjskiego.<\/p>\n\n\n\n<p>\n\nOpracowanie projektu i nadz\u00f3r nad realizacj\u0105 &#8211; <a href=\"http:\/\/awaw.pl\/\">Pracownia AWAW<\/a><\/p>\n\n\n\n<div class=\"wp-block-jetpack-tiled-gallery aligncenter is-style-rectangular\"><div class=\"tiled-gallery__gallery\"><div class=\"tiled-gallery__row\"><div class=\"tiled-gallery__col\"><figure class=\"tiled-gallery__item\"><img decoding=\"async\" alt=\"\" data-height=\"2876\" data-id=\"286\" data-link=\"http:\/\/awaw.pl\/?attachment_id=286\" data-url=\"http:\/\/awaw.pl\/wp-content\/uploads\/2019\/10\/DSC_2857-1.jpg\" data-width=\"1920\" src=\"https:\/\/i2.wp.com\/awaw.pl\/wp-content\/uploads\/2019\/10\/DSC_2857-1.jpg\"\/><\/figure><\/div><div class=\"tiled-gallery__col\"><figure class=\"tiled-gallery__item\"><img decoding=\"async\" alt=\"\" data-height=\"2876\" data-id=\"287\" data-link=\"http:\/\/awaw.pl\/?attachment_id=287\" data-url=\"http:\/\/awaw.pl\/wp-content\/uploads\/2019\/10\/DSC_2885-1.jpg\" data-width=\"1920\" src=\"https:\/\/i2.wp.com\/awaw.pl\/wp-content\/uploads\/2019\/10\/DSC_2885-1.jpg\"\/><\/figure><\/div><\/div><\/div><\/div>\n\n\n\n<div class=\"wp-block-jetpack-tiled-gallery aligncenter is-style-rectangular\"><div class=\"tiled-gallery__gallery\"><div class=\"tiled-gallery__row\"><div class=\"tiled-gallery__col\"><figure class=\"tiled-gallery__item\"><img decoding=\"async\" alt=\"\" data-height=\"2876\" data-id=\"278\" data-link=\"http:\/\/awaw.pl\/?attachment_id=278\" data-url=\"http:\/\/awaw.pl\/wp-content\/uploads\/2019\/10\/DSC_2783x.jpg\" data-width=\"1920\" src=\"https:\/\/i2.wp.com\/awaw.pl\/wp-content\/uploads\/2019\/10\/DSC_2783x.jpg\"\/><\/figure><\/div><div class=\"tiled-gallery__col\"><figure class=\"tiled-gallery__item\"><img decoding=\"async\" alt=\"\" data-height=\"1920\" data-id=\"279\" data-link=\"http:\/\/awaw.pl\/?attachment_id=279\" data-url=\"http:\/\/awaw.pl\/wp-content\/uploads\/2019\/10\/DSC_2789-1.jpg\" data-width=\"1920\" src=\"https:\/\/i0.wp.com\/awaw.pl\/wp-content\/uploads\/2019\/10\/DSC_2789-1.jpg\"\/><\/figure><\/div><\/div><\/div><\/div>\n\n\n\n<div class=\"wp-block-jetpack-tiled-gallery aligncenter is-style-rectangular\"><div class=\"tiled-gallery__gallery\"><div class=\"tiled-gallery__row\"><div class=\"tiled-gallery__col\"><figure class=\"tiled-gallery__item\"><img decoding=\"async\" alt=\"\" data-height=\"2876\" data-id=\"288\" data-link=\"http:\/\/awaw.pl\/?attachment_id=288\" data-url=\"http:\/\/awaw.pl\/wp-content\/uploads\/2019\/10\/DSC_2808-x.jpg\" data-width=\"1920\" src=\"https:\/\/i2.wp.com\/awaw.pl\/wp-content\/uploads\/2019\/10\/DSC_2808-x.jpg\"\/><\/figure><\/div><div class=\"tiled-gallery__col\"><figure class=\"tiled-gallery__item\"><img decoding=\"async\" alt=\"\" data-height=\"2876\" data-id=\"289\" data-link=\"http:\/\/awaw.pl\/?attachment_id=289\" data-url=\"http:\/\/awaw.pl\/wp-content\/uploads\/2019\/10\/DSC_2871-1.jpg\" data-width=\"1920\" src=\"https:\/\/i2.wp.com\/awaw.pl\/wp-content\/uploads\/2019\/10\/DSC_2871-1.jpg\"\/><\/figure><\/div><\/div><\/div><\/div>\n\n\n\n<figure class=\"wp-block-image\"><img decoding=\"async\" loading=\"lazy\" width=\"830\" height=\"1024\" src=\"http:\/\/awaw.pl\/wp-content\/uploads\/2019\/10\/DSC_2853-1-830x1024.jpg\" alt=\"\" class=\"wp-image-291\" srcset=\"https:\/\/awaw.pl\/wp-content\/uploads\/2019\/10\/DSC_2853-1-830x1024.jpg 830w, https:\/\/awaw.pl\/wp-content\/uploads\/2019\/10\/DSC_2853-1-243x300.jpg 243w, https:\/\/awaw.pl\/wp-content\/uploads\/2019\/10\/DSC_2853-1-768x948.jpg 768w, https:\/\/awaw.pl\/wp-content\/uploads\/2019\/10\/DSC_2853-1-200x247.jpg 200w, https:\/\/awaw.pl\/wp-content\/uploads\/2019\/10\/DSC_2853-1.jpg 1920w\" sizes=\"(max-width: 830px) 100vw, 830px\" \/><\/figure>\n\n\n\n<p><a href=\"http:\/\/awaw.pl\/?page_id=25\">Powr\u00f3t do listy realizacji<\/a><\/p>\n","protected":false},"excerpt":{"rendered":"<p>Warszawa, Targ\u00f3wek &#8211;realizacja projektu mieszkania o powierzchni 42m2. Mieszkanie przesz\u0142o gruntowny remont, zamienione miejscami zosta\u0142y pomieszczenia w celu uzyskania wygodnej i dostosowanej do potrzeb w\u0142a\u015bcicieli przestrzeni. Du\u017co drewna, biel, b\u0142\u0119kit i wz\u00f3r heksagonalny z motywem marmuru karraryjskiego. Opracowanie projektu i nadz\u00f3r nad realizacj\u0105 &#8211; Pracownia AWAW Powr\u00f3t do listy realizacji<\/p>\n<p><a class=\"moretag\" href=\"https:\/\/awaw.pl\/?page_id=270\">Read more<\/a><\/p>\n","protected":false},"author":1,"featured_media":274,"parent":0,"menu_order":0,"comment_status":"closed","ping_status":"closed","template":"","meta":{"_vp_format_video_url":"","_vp_image_focal_point":[]},"_links":{"self":[{"href":"https:\/\/awaw.pl\/index.php?rest_route=\/wp\/v2\/pages\/270"}],"collection":[{"href":"https:\/\/awaw.pl\/index.php?rest_route=\/wp\/v2\/pages"}],"about":[{"href":"https:\/\/awaw.pl\/index.php?rest_route=\/wp\/v2\/types\/page"}],"author":[{"embeddable":true,"href":"https:\/\/awaw.pl\/index.php?rest_route=\/wp\/v2\/users\/1"}],"replies":[{"embeddable":true,"href":"https:\/\/awaw.pl\/index.php?rest_route=%2Fwp%2Fv2%2Fcomments&post=270"}],"version-history":[{"count":8,"href":"https:\/\/awaw.pl\/index.php?rest_route=\/wp\/v2\/pages\/270\/revisions"}],"predecessor-version":[{"id":296,"href":"https:\/\/awaw.pl\/index.php?rest_route=\/wp\/v2\/pages\/270\/revisions\/296"}],"wp:featuredmedia":[{"embeddable":true,"href":"https:\/\/awaw.pl\/index.php?rest_route=\/wp\/v2\/media\/274"}],"wp:attachment":[{"href":"https:\/\/awaw.pl\/index.php?rest_route=%2Fwp%2Fv2%2Fmedia&parent=270"}],"curies":[{"name":"wp","href":"https:\/\/api.w.org\/{rel}","templated":true}]}}