{"id":30,"date":"2019-10-02T22:08:35","date_gmt":"2019-10-02T20:08:35","guid":{"rendered":"http:\/\/awaw.pl\/?page_id=30"},"modified":"2019-10-28T19:17:16","modified_gmt":"2019-10-28T18:17:16","slug":"startowa","status":"publish","type":"page","link":"https:\/\/awaw.pl\/","title":{"rendered":""},"content":{"rendered":"\n<h2>AWAW<\/h2>\n\n\n\n<p class=\"has-medium-font-size\">Projektujemy dla was.<\/p>\n\n\n\n<p style=\"text-align:left\" class=\"has-medium-font-size\">Mgr in\u017c. arch. Aleksandra Wojciechowska <br><br>&#8211; w\u0142a\u015bciciel biura projektowego AWAW <\/p>\n","protected":false},"excerpt":{"rendered":"<p>AWAW Projektujemy dla was. Mgr in\u017c. arch. Aleksandra Wojciechowska &#8211; w\u0142a\u015bciciel biura projektowego AWAW<\/p>\n<p><a class=\"moretag\" href=\"https:\/\/awaw.pl\/\">Read more<\/a><\/p>\n","protected":false},"author":1,"featured_media":0,"parent":0,"menu_order":0,"comment_status":"closed","ping_status":"closed","template":"","meta":{"_vp_format_video_url":"","_vp_image_focal_point":[]},"_links":{"self":[{"href":"https:\/\/awaw.pl\/index.php?rest_route=\/wp\/v2\/pages\/30"}],"collection":[{"href":"https:\/\/awaw.pl\/index.php?rest_route=\/wp\/v2\/pages"}],"about":[{"href":"https:\/\/awaw.pl\/index.php?rest_route=\/wp\/v2\/types\/page"}],"author":[{"embeddable":true,"href":"https:\/\/awaw.pl\/index.php?rest_route=\/wp\/v2\/users\/1"}],"replies":[{"embeddable":true,"href":"https:\/\/awaw.pl\/index.php?rest_route=%2Fwp%2Fv2%2Fcomments&post=30"}],"version-history":[{"count":9,"href":"https:\/\/awaw.pl\/index.php?rest_route=\/wp\/v2\/pages\/30\/revisions"}],"predecessor-version":[{"id":308,"href":"https:\/\/awaw.pl\/index.php?rest_route=\/wp\/v2\/pages\/30\/revisions\/308"}],"wp:attachment":[{"href":"https:\/\/awaw.pl\/index.php?rest_route=%2Fwp%2Fv2%2Fmedia&parent=30"}],"curies":[{"name":"wp","href":"https:\/\/api.w.org\/{rel}","templated":true}]}}