{"id":591,"date":"2020-02-10T21:51:20","date_gmt":"2020-02-10T20:51:20","guid":{"rendered":"http:\/\/awaw.pl\/?page_id=591"},"modified":"2020-02-10T21:51:20","modified_gmt":"2020-02-10T20:51:20","slug":"lazienki","status":"publish","type":"page","link":"https:\/\/awaw.pl\/?page_id=591","title":{"rendered":"\u0141azienki"},"content":{"rendered":"\n<p>Targ\u00f3wek &#8211; projekt dw\u00f3ch \u0142azienek na Osiedlu Wilno<\/p>\n\n\n\n<p>Wykonanie projektu \u2013\u00a0<a href=\"http:\/\/awaw.pl\/\">Pracownia AWAW<\/a> <\/p>\n\n\n\n<figure class=\"wp-block-image size-large\"><img decoding=\"async\" loading=\"lazy\" width=\"750\" height=\"1024\" src=\"http:\/\/awaw.pl\/wp-content\/uploads\/2020\/02\/ACCamera_yo-750x1024.jpg\" alt=\"\" class=\"wp-image-594\" srcset=\"https:\/\/awaw.pl\/wp-content\/uploads\/2020\/02\/ACCamera_yo-750x1024.jpg 750w, https:\/\/awaw.pl\/wp-content\/uploads\/2020\/02\/ACCamera_yo-220x300.jpg 220w, https:\/\/awaw.pl\/wp-content\/uploads\/2020\/02\/ACCamera_yo-768x1049.jpg 768w, https:\/\/awaw.pl\/wp-content\/uploads\/2020\/02\/ACCamera_yo-146x200.jpg 146w, https:\/\/awaw.pl\/wp-content\/uploads\/2020\/02\/ACCamera_yo-366x500.jpg 366w, https:\/\/awaw.pl\/wp-content\/uploads\/2020\/02\/ACCamera_yo-586x800.jpg 586w, https:\/\/awaw.pl\/wp-content\/uploads\/2020\/02\/ACCamera_yo-937x1280.jpg 937w, https:\/\/awaw.pl\/wp-content\/uploads\/2020\/02\/ACCamera_yo-200x273.jpg 200w, https:\/\/awaw.pl\/wp-content\/uploads\/2020\/02\/ACCamera_yo.jpg 1098w\" sizes=\"(max-width: 750px) 100vw, 750px\" \/><\/figure>\n\n\n\n<figure class=\"wp-block-image size-large\"><img decoding=\"async\" loading=\"lazy\" width=\"750\" height=\"1024\" src=\"http:\/\/awaw.pl\/wp-content\/uploads\/2020\/02\/ACCamera_yoy-750x1024.jpg\" alt=\"\" class=\"wp-image-595\" srcset=\"https:\/\/awaw.pl\/wp-content\/uploads\/2020\/02\/ACCamera_yoy-750x1024.jpg 750w, https:\/\/awaw.pl\/wp-content\/uploads\/2020\/02\/ACCamera_yoy-220x300.jpg 220w, https:\/\/awaw.pl\/wp-content\/uploads\/2020\/02\/ACCamera_yoy-768x1048.jpg 768w, https:\/\/awaw.pl\/wp-content\/uploads\/2020\/02\/ACCamera_yoy-147x200.jpg 147w, https:\/\/awaw.pl\/wp-content\/uploads\/2020\/02\/ACCamera_yoy-366x500.jpg 366w, https:\/\/awaw.pl\/wp-content\/uploads\/2020\/02\/ACCamera_yoy-586x800.jpg 586w, https:\/\/awaw.pl\/wp-content\/uploads\/2020\/02\/ACCamera_yoy-938x1280.jpg 938w, https:\/\/awaw.pl\/wp-content\/uploads\/2020\/02\/ACCamera_yoy-200x273.jpg 200w, https:\/\/awaw.pl\/wp-content\/uploads\/2020\/02\/ACCamera_yoy.jpg 1099w\" sizes=\"(max-width: 750px) 100vw, 750px\" \/><\/figure>\n\n\n\n<figure class=\"wp-block-image size-large\"><img decoding=\"async\" loading=\"lazy\" width=\"751\" height=\"1024\" src=\"http:\/\/awaw.pl\/wp-content\/uploads\/2020\/02\/ACCamera_5-751x1024.jpg\" alt=\"\" class=\"wp-image-596\" srcset=\"https:\/\/awaw.pl\/wp-content\/uploads\/2020\/02\/ACCamera_5-751x1024.jpg 751w, https:\/\/awaw.pl\/wp-content\/uploads\/2020\/02\/ACCamera_5-220x300.jpg 220w, https:\/\/awaw.pl\/wp-content\/uploads\/2020\/02\/ACCamera_5-768x1047.jpg 768w, https:\/\/awaw.pl\/wp-content\/uploads\/2020\/02\/ACCamera_5-147x200.jpg 147w, https:\/\/awaw.pl\/wp-content\/uploads\/2020\/02\/ACCamera_5-367x500.jpg 367w, https:\/\/awaw.pl\/wp-content\/uploads\/2020\/02\/ACCamera_5-587x800.jpg 587w, https:\/\/awaw.pl\/wp-content\/uploads\/2020\/02\/ACCamera_5-939x1280.jpg 939w, https:\/\/awaw.pl\/wp-content\/uploads\/2020\/02\/ACCamera_5-200x273.jpg 200w, https:\/\/awaw.pl\/wp-content\/uploads\/2020\/02\/ACCamera_5.jpg 1100w\" sizes=\"(max-width: 751px) 100vw, 751px\" \/><\/figure>\n\n\n\n<figure class=\"wp-block-image size-large\"><img decoding=\"async\" loading=\"lazy\" width=\"751\" height=\"1024\" src=\"http:\/\/awaw.pl\/wp-content\/uploads\/2020\/02\/ACCamera_4-751x1024.jpg\" alt=\"\" class=\"wp-image-593\" srcset=\"https:\/\/awaw.pl\/wp-content\/uploads\/2020\/02\/ACCamera_4-751x1024.jpg 751w, https:\/\/awaw.pl\/wp-content\/uploads\/2020\/02\/ACCamera_4-220x300.jpg 220w, https:\/\/awaw.pl\/wp-content\/uploads\/2020\/02\/ACCamera_4-768x1047.jpg 768w, https:\/\/awaw.pl\/wp-content\/uploads\/2020\/02\/ACCamera_4-147x200.jpg 147w, https:\/\/awaw.pl\/wp-content\/uploads\/2020\/02\/ACCamera_4-367x500.jpg 367w, https:\/\/awaw.pl\/wp-content\/uploads\/2020\/02\/ACCamera_4-587x800.jpg 587w, https:\/\/awaw.pl\/wp-content\/uploads\/2020\/02\/ACCamera_4-939x1280.jpg 939w, https:\/\/awaw.pl\/wp-content\/uploads\/2020\/02\/ACCamera_4-200x273.jpg 200w, https:\/\/awaw.pl\/wp-content\/uploads\/2020\/02\/ACCamera_4.jpg 1100w\" sizes=\"(max-width: 751px) 100vw, 751px\" \/><\/figure>\n\n\n\n<p><a href=\"http:\/\/awaw.pl\/?page_id=23\">Powr\u00f3t<\/a><\/p>\n","protected":false},"excerpt":{"rendered":"<p>Targ\u00f3wek &#8211; projekt dw\u00f3ch \u0142azienek na Osiedlu Wilno Wykonanie projektu \u2013\u00a0Pracownia AWAW Powr\u00f3t<\/p>\n<p><a class=\"moretag\" href=\"https:\/\/awaw.pl\/?page_id=591\">Read more<\/a><\/p>\n","protected":false},"author":1,"featured_media":593,"parent":0,"menu_order":0,"comment_status":"closed","ping_status":"closed","template":"","meta":{"_vp_format_video_url":"","_vp_image_focal_point":[]},"_links":{"self":[{"href":"https:\/\/awaw.pl\/index.php?rest_route=\/wp\/v2\/pages\/591"}],"collection":[{"href":"https:\/\/awaw.pl\/index.php?rest_route=\/wp\/v2\/pages"}],"about":[{"href":"https:\/\/awaw.pl\/index.php?rest_route=\/wp\/v2\/types\/page"}],"author":[{"embeddable":true,"href":"https:\/\/awaw.pl\/index.php?rest_route=\/wp\/v2\/users\/1"}],"replies":[{"embeddable":true,"href":"https:\/\/awaw.pl\/index.php?rest_route=%2Fwp%2Fv2%2Fcomments&post=591"}],"version-history":[{"count":1,"href":"https:\/\/awaw.pl\/index.php?rest_route=\/wp\/v2\/pages\/591\/revisions"}],"predecessor-version":[{"id":597,"href":"https:\/\/awaw.pl\/index.php?rest_route=\/wp\/v2\/pages\/591\/revisions\/597"}],"wp:featuredmedia":[{"embeddable":true,"href":"https:\/\/awaw.pl\/index.php?rest_route=\/wp\/v2\/media\/593"}],"wp:attachment":[{"href":"https:\/\/awaw.pl\/index.php?rest_route=%2Fwp%2Fv2%2Fmedia&parent=591"}],"curies":[{"name":"wp","href":"https:\/\/api.w.org\/{rel}","templated":true}]}}