{"id":603,"date":"2020-02-10T22:16:50","date_gmt":"2020-02-10T21:16:50","guid":{"rendered":"http:\/\/awaw.pl\/?page_id=603"},"modified":"2020-02-10T22:19:32","modified_gmt":"2020-02-10T21:19:32","slug":"mieszkanie-4","status":"publish","type":"page","link":"https:\/\/awaw.pl\/?page_id=603","title":{"rendered":"Mieszkanie"},"content":{"rendered":"\n<p class=\"has-medium-font-size\">Warszawa, Targ\u00f3wek \u2013 Osiedle Wilno<br>realizacja projektu mieszkania o powierzchni 80 m<sup>2<\/sup>.<\/p>\n\n\n\n<p>W fazie projektowej inwestorzy postawili na niepowtarzalny i oryginalny kolor przewodni.  <strong>Kuchnia<\/strong> w kolorze ciemnej zieleni z pi\u0119kn\u0105 g\u0142\u0119bok\u0105 czerni\u0105.  T\u0142em dla wyrazistej glazury s\u0105 bia\u0142e \u015bciany i d\u0119bowy parkiet z deski z naturalnym, surowym wyko\u0144czeniem. Motyw zieleni pojawia si\u0119 tak\u017ce na dekoracjach okiennych &#8211; mo\u017cemy tam zaobserwowa\u0107 delikatne wzory li\u015bci palmowych.<\/p>\n\n\n\n<p>Wa\u017cnym elementem mieszkania s\u0105 te\u017c <strong>dwie \u0142azienki<\/strong> zrealizowane w ramach kontrastuj\u0105cych koncepcji. Zielona dla go\u015bci i bia\u0142a, prywatna tylko dla w\u0142a\u015bcicieli.<\/p>\n\n\n\n<p>Ostatni\u0105 cz\u0119\u015bci\u0105 realizacji by\u0142a <strong>sypialnia<\/strong>. Tapeta, wykonana w nurcie sztuk dalekowschodnich nada\u0142a jej wyrazistego wygl\u0105du. W Japonii \u017curaw jest mistyczn\u0105 postaci\u0105, o kt\u00f3rej m\u00f3wi si\u0119, \u017ce \u017cyje tysi\u0105c lat. W kulturach Wschodu \u017curaw symbolizuje dobr\u0105 fortun\u0119 i d\u0142ugowieczno\u015b\u0107.  Cechy te idealnie pasuj\u0105 do sypialni, w kt\u00f3rej panuje harmonia i spok\u00f3j. <\/p>\n\n\n\n<figure class=\"wp-block-image size-large\"><img decoding=\"async\" loading=\"lazy\" width=\"1024\" height=\"1024\" src=\"http:\/\/awaw.pl\/wp-content\/uploads\/2020\/02\/IMG_6507nowe-1024x1024.jpg\" alt=\"\" class=\"wp-image-605\" srcset=\"https:\/\/awaw.pl\/wp-content\/uploads\/2020\/02\/IMG_6507nowe-1024x1024.jpg 1024w, https:\/\/awaw.pl\/wp-content\/uploads\/2020\/02\/IMG_6507nowe-300x300.jpg 300w, https:\/\/awaw.pl\/wp-content\/uploads\/2020\/02\/IMG_6507nowe-150x150.jpg 150w, https:\/\/awaw.pl\/wp-content\/uploads\/2020\/02\/IMG_6507nowe-768x768.jpg 768w, https:\/\/awaw.pl\/wp-content\/uploads\/2020\/02\/IMG_6507nowe-200x200.jpg 200w, https:\/\/awaw.pl\/wp-content\/uploads\/2020\/02\/IMG_6507nowe-500x500.jpg 500w, https:\/\/awaw.pl\/wp-content\/uploads\/2020\/02\/IMG_6507nowe-800x800.jpg 800w, https:\/\/awaw.pl\/wp-content\/uploads\/2020\/02\/IMG_6507nowe-1280x1280.jpg 1280w, https:\/\/awaw.pl\/wp-content\/uploads\/2020\/02\/IMG_6507nowe.jpg 1920w, https:\/\/awaw.pl\/wp-content\/uploads\/2020\/02\/IMG_6507nowe-1536x1536.jpg 1536w\" sizes=\"(max-width: 1024px) 100vw, 1024px\" \/><\/figure>\n\n\n\n<figure class=\"wp-block-image size-large\"><img decoding=\"async\" loading=\"lazy\" width=\"683\" height=\"1024\" src=\"http:\/\/awaw.pl\/wp-content\/uploads\/2020\/02\/IMG_6570-683x1024.jpg\" alt=\"\" class=\"wp-image-606\" srcset=\"https:\/\/awaw.pl\/wp-content\/uploads\/2020\/02\/IMG_6570-683x1024.jpg 683w, https:\/\/awaw.pl\/wp-content\/uploads\/2020\/02\/IMG_6570-200x300.jpg 200w, https:\/\/awaw.pl\/wp-content\/uploads\/2020\/02\/IMG_6570-768x1152.jpg 768w, https:\/\/awaw.pl\/wp-content\/uploads\/2020\/02\/IMG_6570-133x200.jpg 133w, https:\/\/awaw.pl\/wp-content\/uploads\/2020\/02\/IMG_6570-333x500.jpg 333w, https:\/\/awaw.pl\/wp-content\/uploads\/2020\/02\/IMG_6570-533x800.jpg 533w, https:\/\/awaw.pl\/wp-content\/uploads\/2020\/02\/IMG_6570-853x1280.jpg 853w, https:\/\/awaw.pl\/wp-content\/uploads\/2020\/02\/IMG_6570-1280x1920.jpg 1280w, https:\/\/awaw.pl\/wp-content\/uploads\/2020\/02\/IMG_6570-1024x1536.jpg 1024w, https:\/\/awaw.pl\/wp-content\/uploads\/2020\/02\/IMG_6570-1365x2048.jpg 1365w, https:\/\/awaw.pl\/wp-content\/uploads\/2020\/02\/IMG_6570-scaled.jpg 1707w\" sizes=\"(max-width: 683px) 100vw, 683px\" \/><\/figure>\n\n\n\n<figure class=\"wp-block-image size-large\"><img decoding=\"async\" loading=\"lazy\" width=\"1024\" height=\"683\" src=\"http:\/\/awaw.pl\/wp-content\/uploads\/2020\/02\/IMG_6507-1024x683.jpg\" alt=\"\" class=\"wp-image-607\" srcset=\"https:\/\/awaw.pl\/wp-content\/uploads\/2020\/02\/IMG_6507-1024x683.jpg 1024w, https:\/\/awaw.pl\/wp-content\/uploads\/2020\/02\/IMG_6507-300x200.jpg 300w, https:\/\/awaw.pl\/wp-content\/uploads\/2020\/02\/IMG_6507-768x512.jpg 768w, https:\/\/awaw.pl\/wp-content\/uploads\/2020\/02\/IMG_6507-200x133.jpg 200w, https:\/\/awaw.pl\/wp-content\/uploads\/2020\/02\/IMG_6507-500x333.jpg 500w, https:\/\/awaw.pl\/wp-content\/uploads\/2020\/02\/IMG_6507-800x533.jpg 800w, https:\/\/awaw.pl\/wp-content\/uploads\/2020\/02\/IMG_6507-1280x853.jpg 1280w, https:\/\/awaw.pl\/wp-content\/uploads\/2020\/02\/IMG_6507-1536x1024.jpg 1536w, https:\/\/awaw.pl\/wp-content\/uploads\/2020\/02\/IMG_6507.jpg 1920w\" sizes=\"(max-width: 1024px) 100vw, 1024px\" \/><\/figure>\n\n\n\n<figure class=\"wp-block-image size-large\"><img decoding=\"async\" loading=\"lazy\" width=\"683\" height=\"1024\" src=\"http:\/\/awaw.pl\/wp-content\/uploads\/2020\/02\/IMG_6571-683x1024.jpg\" alt=\"\" class=\"wp-image-608\" srcset=\"https:\/\/awaw.pl\/wp-content\/uploads\/2020\/02\/IMG_6571-683x1024.jpg 683w, https:\/\/awaw.pl\/wp-content\/uploads\/2020\/02\/IMG_6571-200x300.jpg 200w, https:\/\/awaw.pl\/wp-content\/uploads\/2020\/02\/IMG_6571-768x1152.jpg 768w, https:\/\/awaw.pl\/wp-content\/uploads\/2020\/02\/IMG_6571-133x200.jpg 133w, https:\/\/awaw.pl\/wp-content\/uploads\/2020\/02\/IMG_6571-333x500.jpg 333w, https:\/\/awaw.pl\/wp-content\/uploads\/2020\/02\/IMG_6571-533x800.jpg 533w, https:\/\/awaw.pl\/wp-content\/uploads\/2020\/02\/IMG_6571-853x1280.jpg 853w, https:\/\/awaw.pl\/wp-content\/uploads\/2020\/02\/IMG_6571-1280x1920.jpg 1280w, https:\/\/awaw.pl\/wp-content\/uploads\/2020\/02\/IMG_6571-1024x1536.jpg 1024w, https:\/\/awaw.pl\/wp-content\/uploads\/2020\/02\/IMG_6571-1365x2048.jpg 1365w, https:\/\/awaw.pl\/wp-content\/uploads\/2020\/02\/IMG_6571-scaled.jpg 1707w\" sizes=\"(max-width: 683px) 100vw, 683px\" \/><\/figure>\n\n\n\n<figure class=\"wp-block-image size-large\"><img decoding=\"async\" loading=\"lazy\" width=\"683\" height=\"1024\" src=\"http:\/\/awaw.pl\/wp-content\/uploads\/2020\/02\/IMG_6591-683x1024.jpg\" alt=\"\" class=\"wp-image-609\" srcset=\"https:\/\/awaw.pl\/wp-content\/uploads\/2020\/02\/IMG_6591-683x1024.jpg 683w, https:\/\/awaw.pl\/wp-content\/uploads\/2020\/02\/IMG_6591-200x300.jpg 200w, https:\/\/awaw.pl\/wp-content\/uploads\/2020\/02\/IMG_6591-768x1152.jpg 768w, https:\/\/awaw.pl\/wp-content\/uploads\/2020\/02\/IMG_6591-133x200.jpg 133w, https:\/\/awaw.pl\/wp-content\/uploads\/2020\/02\/IMG_6591-333x500.jpg 333w, https:\/\/awaw.pl\/wp-content\/uploads\/2020\/02\/IMG_6591-533x800.jpg 533w, https:\/\/awaw.pl\/wp-content\/uploads\/2020\/02\/IMG_6591-853x1280.jpg 853w, https:\/\/awaw.pl\/wp-content\/uploads\/2020\/02\/IMG_6591-1280x1920.jpg 1280w, https:\/\/awaw.pl\/wp-content\/uploads\/2020\/02\/IMG_6591-1024x1536.jpg 1024w, https:\/\/awaw.pl\/wp-content\/uploads\/2020\/02\/IMG_6591-1365x2048.jpg 1365w, https:\/\/awaw.pl\/wp-content\/uploads\/2020\/02\/IMG_6591-scaled.jpg 1707w\" sizes=\"(max-width: 683px) 100vw, 683px\" \/><\/figure>\n\n\n\n<figure class=\"wp-block-image size-large\"><img decoding=\"async\" loading=\"lazy\" width=\"1024\" height=\"683\" src=\"http:\/\/awaw.pl\/wp-content\/uploads\/2020\/02\/IMG_6611-1024x683.jpg\" alt=\"\" class=\"wp-image-610\" srcset=\"https:\/\/awaw.pl\/wp-content\/uploads\/2020\/02\/IMG_6611-1024x683.jpg 1024w, https:\/\/awaw.pl\/wp-content\/uploads\/2020\/02\/IMG_6611-300x200.jpg 300w, https:\/\/awaw.pl\/wp-content\/uploads\/2020\/02\/IMG_6611-768x512.jpg 768w, https:\/\/awaw.pl\/wp-content\/uploads\/2020\/02\/IMG_6611-200x133.jpg 200w, https:\/\/awaw.pl\/wp-content\/uploads\/2020\/02\/IMG_6611-500x333.jpg 500w, https:\/\/awaw.pl\/wp-content\/uploads\/2020\/02\/IMG_6611-800x533.jpg 800w, https:\/\/awaw.pl\/wp-content\/uploads\/2020\/02\/IMG_6611-1280x853.jpg 1280w, https:\/\/awaw.pl\/wp-content\/uploads\/2020\/02\/IMG_6611-1536x1024.jpg 1536w, https:\/\/awaw.pl\/wp-content\/uploads\/2020\/02\/IMG_6611.jpg 1920w\" sizes=\"(max-width: 1024px) 100vw, 1024px\" \/><\/figure>\n\n\n\n<figure class=\"wp-block-image size-large\"><img decoding=\"async\" loading=\"lazy\" width=\"683\" height=\"1024\" src=\"http:\/\/awaw.pl\/wp-content\/uploads\/2020\/02\/IMG_6626-683x1024.jpg\" alt=\"\" class=\"wp-image-611\" srcset=\"https:\/\/awaw.pl\/wp-content\/uploads\/2020\/02\/IMG_6626-683x1024.jpg 683w, https:\/\/awaw.pl\/wp-content\/uploads\/2020\/02\/IMG_6626-200x300.jpg 200w, https:\/\/awaw.pl\/wp-content\/uploads\/2020\/02\/IMG_6626-768x1152.jpg 768w, https:\/\/awaw.pl\/wp-content\/uploads\/2020\/02\/IMG_6626-133x200.jpg 133w, https:\/\/awaw.pl\/wp-content\/uploads\/2020\/02\/IMG_6626-333x500.jpg 333w, https:\/\/awaw.pl\/wp-content\/uploads\/2020\/02\/IMG_6626-533x800.jpg 533w, https:\/\/awaw.pl\/wp-content\/uploads\/2020\/02\/IMG_6626-853x1280.jpg 853w, https:\/\/awaw.pl\/wp-content\/uploads\/2020\/02\/IMG_6626-1280x1920.jpg 1280w, https:\/\/awaw.pl\/wp-content\/uploads\/2020\/02\/IMG_6626-1024x1536.jpg 1024w, https:\/\/awaw.pl\/wp-content\/uploads\/2020\/02\/IMG_6626-1365x2048.jpg 1365w, https:\/\/awaw.pl\/wp-content\/uploads\/2020\/02\/IMG_6626-scaled.jpg 1707w\" sizes=\"(max-width: 683px) 100vw, 683px\" \/><\/figure>\n\n\n\n<figure class=\"wp-block-image size-large\"><img decoding=\"async\" loading=\"lazy\" width=\"683\" height=\"1024\" src=\"http:\/\/awaw.pl\/wp-content\/uploads\/2020\/02\/IMG_6657-683x1024.jpg\" alt=\"\" class=\"wp-image-612\" srcset=\"https:\/\/awaw.pl\/wp-content\/uploads\/2020\/02\/IMG_6657-683x1024.jpg 683w, https:\/\/awaw.pl\/wp-content\/uploads\/2020\/02\/IMG_6657-200x300.jpg 200w, https:\/\/awaw.pl\/wp-content\/uploads\/2020\/02\/IMG_6657-768x1152.jpg 768w, https:\/\/awaw.pl\/wp-content\/uploads\/2020\/02\/IMG_6657-133x200.jpg 133w, https:\/\/awaw.pl\/wp-content\/uploads\/2020\/02\/IMG_6657-333x500.jpg 333w, https:\/\/awaw.pl\/wp-content\/uploads\/2020\/02\/IMG_6657-533x800.jpg 533w, https:\/\/awaw.pl\/wp-content\/uploads\/2020\/02\/IMG_6657-853x1280.jpg 853w, https:\/\/awaw.pl\/wp-content\/uploads\/2020\/02\/IMG_6657-1280x1920.jpg 1280w, https:\/\/awaw.pl\/wp-content\/uploads\/2020\/02\/IMG_6657-1024x1536.jpg 1024w, https:\/\/awaw.pl\/wp-content\/uploads\/2020\/02\/IMG_6657-1365x2048.jpg 1365w, https:\/\/awaw.pl\/wp-content\/uploads\/2020\/02\/IMG_6657-scaled.jpg 1707w\" sizes=\"(max-width: 683px) 100vw, 683px\" \/><\/figure>\n\n\n\n<figure class=\"wp-block-image size-large\"><img decoding=\"async\" loading=\"lazy\" width=\"1024\" height=\"683\" src=\"http:\/\/awaw.pl\/wp-content\/uploads\/2020\/02\/IMG_6651-1024x683.jpg\" alt=\"\" class=\"wp-image-613\" srcset=\"https:\/\/awaw.pl\/wp-content\/uploads\/2020\/02\/IMG_6651-1024x683.jpg 1024w, https:\/\/awaw.pl\/wp-content\/uploads\/2020\/02\/IMG_6651-300x200.jpg 300w, https:\/\/awaw.pl\/wp-content\/uploads\/2020\/02\/IMG_6651-768x512.jpg 768w, https:\/\/awaw.pl\/wp-content\/uploads\/2020\/02\/IMG_6651-200x133.jpg 200w, https:\/\/awaw.pl\/wp-content\/uploads\/2020\/02\/IMG_6651-500x333.jpg 500w, https:\/\/awaw.pl\/wp-content\/uploads\/2020\/02\/IMG_6651-800x533.jpg 800w, https:\/\/awaw.pl\/wp-content\/uploads\/2020\/02\/IMG_6651-1280x853.jpg 1280w, https:\/\/awaw.pl\/wp-content\/uploads\/2020\/02\/IMG_6651-1536x1024.jpg 1536w, https:\/\/awaw.pl\/wp-content\/uploads\/2020\/02\/IMG_6651.jpg 1920w\" sizes=\"(max-width: 1024px) 100vw, 1024px\" \/><\/figure>\n\n\n\n<p><a href=\"http:\/\/awaw.pl\/?page_id=25\">Powr\u00f3t<\/a><\/p>\n","protected":false},"excerpt":{"rendered":"<p>Warszawa, Targ\u00f3wek \u2013 Osiedle Wilnorealizacja projektu mieszkania o powierzchni 80 m2. W fazie projektowej inwestorzy postawili na niepowtarzalny i oryginalny kolor przewodni. Kuchnia w kolorze ciemnej zieleni z pi\u0119kn\u0105 g\u0142\u0119bok\u0105 czerni\u0105. T\u0142em dla wyrazistej glazury s\u0105 bia\u0142e \u015bciany i d\u0119bowy parkiet z deski z naturalnym, surowym wyko\u0144czeniem. Motyw zieleni pojawia si\u0119 tak\u017ce na dekoracjach okiennych [&hellip;]<\/p>\n<p><a class=\"moretag\" href=\"https:\/\/awaw.pl\/?page_id=603\">Read more<\/a><\/p>\n","protected":false},"author":1,"featured_media":604,"parent":0,"menu_order":0,"comment_status":"closed","ping_status":"closed","template":"","meta":{"_vp_format_video_url":"","_vp_image_focal_point":[]},"_links":{"self":[{"href":"https:\/\/awaw.pl\/index.php?rest_route=\/wp\/v2\/pages\/603"}],"collection":[{"href":"https:\/\/awaw.pl\/index.php?rest_route=\/wp\/v2\/pages"}],"about":[{"href":"https:\/\/awaw.pl\/index.php?rest_route=\/wp\/v2\/types\/page"}],"author":[{"embeddable":true,"href":"https:\/\/awaw.pl\/index.php?rest_route=\/wp\/v2\/users\/1"}],"replies":[{"embeddable":true,"href":"https:\/\/awaw.pl\/index.php?rest_route=%2Fwp%2Fv2%2Fcomments&post=603"}],"version-history":[{"count":4,"href":"https:\/\/awaw.pl\/index.php?rest_route=\/wp\/v2\/pages\/603\/revisions"}],"predecessor-version":[{"id":618,"href":"https:\/\/awaw.pl\/index.php?rest_route=\/wp\/v2\/pages\/603\/revisions\/618"}],"wp:featuredmedia":[{"embeddable":true,"href":"https:\/\/awaw.pl\/index.php?rest_route=\/wp\/v2\/media\/604"}],"wp:attachment":[{"href":"https:\/\/awaw.pl\/index.php?rest_route=%2Fwp%2Fv2%2Fmedia&parent=603"}],"curies":[{"name":"wp","href":"https:\/\/api.w.org\/{rel}","templated":true}]}}