{"id":96,"date":"2019-10-03T22:01:48","date_gmt":"2019-10-03T20:01:48","guid":{"rendered":"http:\/\/awaw.pl\/?page_id=96"},"modified":"2019-10-25T11:36:24","modified_gmt":"2019-10-25T09:36:24","slug":"pokoj-dla-chlopca","status":"publish","type":"page","link":"https:\/\/awaw.pl\/?page_id=96","title":{"rendered":"Pok\u00f3j dla ch\u0142opca"},"content":{"rendered":"\n<p class=\"has-medium-font-size\">\u0141omianki &#8211;  aran\u017cacja pokoju dzieci\u0119cego (2018) <\/p>\n\n\n\n<p>Realizacja projektu pokoju dzieci\u0119cego wraz z przylegaj\u0105c\u0105 \u0142azienk\u0105. Projekt realizowany w domu jednorodzinnym.<\/p>\n\n\n\n<p>Opracowanie projektu wn\u0119trz i nadz\u00f3r nad jego realizacj\u0105 &#8211; <strong><a href=\"http:\/\/awaw.pl\">Pracownia AWAW<\/a><\/strong><\/p>\n\n\n\n<p>Wykonanie element\u00f3w stolarskich &#8211; <strong><a href=\"http:\/\/www.puntodesign.pl\/\">Punto Design<\/a><\/strong><\/p>\n\n\n\n<p>Zdj\u0119cia &#8211; <a href=\"http:\/\/michalmlynarczyk.com\/wnetrza\">Micha\u0142 M\u0142ynarczyk<\/a><\/p>\n\n\n\n<p>Projekt budowlany i wykonawczy realizowany przez <strong>Plus 48 Grupa Projektowa s.c.<\/strong><\/p>\n\n\n\n<figure class=\"wp-block-image\"><img decoding=\"async\" loading=\"lazy\" width=\"1024\" height=\"683\" src=\"http:\/\/awaw.pl\/wp-content\/uploads\/2019\/10\/IMG_5424-1024x683.jpg\" alt=\"\" class=\"wp-image-97\" srcset=\"https:\/\/awaw.pl\/wp-content\/uploads\/2019\/10\/IMG_5424-1024x683.jpg 1024w, https:\/\/awaw.pl\/wp-content\/uploads\/2019\/10\/IMG_5424-300x200.jpg 300w, https:\/\/awaw.pl\/wp-content\/uploads\/2019\/10\/IMG_5424-768x512.jpg 768w, https:\/\/awaw.pl\/wp-content\/uploads\/2019\/10\/IMG_5424-200x133.jpg 200w\" sizes=\"(max-width: 1024px) 100vw, 1024px\" \/><\/figure>\n\n\n\n<ul class=\"is-layout-flex wp-block-gallery-1 wp-block-gallery columns-2 is-cropped\"><li class=\"blocks-gallery-item\"><figure><img decoding=\"async\" loading=\"lazy\" width=\"1024\" height=\"683\" src=\"http:\/\/awaw.pl\/wp-content\/uploads\/2019\/10\/IMG_5438-1024x683.jpg\" alt=\"\" data-id=\"99\" data-link=\"http:\/\/awaw.pl\/?attachment_id=99\" class=\"wp-image-99\" srcset=\"https:\/\/awaw.pl\/wp-content\/uploads\/2019\/10\/IMG_5438-1024x683.jpg 1024w, https:\/\/awaw.pl\/wp-content\/uploads\/2019\/10\/IMG_5438-300x200.jpg 300w, https:\/\/awaw.pl\/wp-content\/uploads\/2019\/10\/IMG_5438-768x512.jpg 768w, https:\/\/awaw.pl\/wp-content\/uploads\/2019\/10\/IMG_5438-200x133.jpg 200w\" sizes=\"(max-width: 1024px) 100vw, 1024px\" \/><\/figure><\/li><li class=\"blocks-gallery-item\"><figure><img decoding=\"async\" loading=\"lazy\" width=\"683\" height=\"1024\" src=\"http:\/\/awaw.pl\/wp-content\/uploads\/2019\/10\/IMG_5445-683x1024.jpg\" alt=\"\" data-id=\"100\" data-link=\"http:\/\/awaw.pl\/?attachment_id=100\" class=\"wp-image-100\" srcset=\"https:\/\/awaw.pl\/wp-content\/uploads\/2019\/10\/IMG_5445-683x1024.jpg 683w, https:\/\/awaw.pl\/wp-content\/uploads\/2019\/10\/IMG_5445-200x300.jpg 200w, https:\/\/awaw.pl\/wp-content\/uploads\/2019\/10\/IMG_5445-768x1152.jpg 768w\" sizes=\"(max-width: 683px) 100vw, 683px\" \/><\/figure><\/li><\/ul>\n\n\n\n<div class=\"wp-block-image\"><figure class=\"aligncenter\"><img decoding=\"async\" loading=\"lazy\" width=\"683\" height=\"1024\" src=\"http:\/\/awaw.pl\/wp-content\/uploads\/2019\/10\/IMG_5431-683x1024.jpg\" alt=\"\" class=\"wp-image-98\" srcset=\"https:\/\/awaw.pl\/wp-content\/uploads\/2019\/10\/IMG_5431-683x1024.jpg 683w, https:\/\/awaw.pl\/wp-content\/uploads\/2019\/10\/IMG_5431-200x300.jpg 200w, https:\/\/awaw.pl\/wp-content\/uploads\/2019\/10\/IMG_5431-768x1152.jpg 768w\" sizes=\"(max-width: 683px) 100vw, 683px\" \/><\/figure><\/div>\n\n\n\n<p><a href=\"http:\/\/awaw.pl\/?page_id=25\">Powr\u00f3t do listy realizacji<\/a><\/p>\n","protected":false},"excerpt":{"rendered":"<p>\u0141omianki &#8211; aran\u017cacja pokoju dzieci\u0119cego (2018) Realizacja projektu pokoju dzieci\u0119cego wraz z przylegaj\u0105c\u0105 \u0142azienk\u0105. Projekt realizowany w domu jednorodzinnym. Opracowanie projektu wn\u0119trz i nadz\u00f3r nad jego realizacj\u0105 &#8211; Pracownia AWAW Wykonanie element\u00f3w stolarskich &#8211; Punto Design Zdj\u0119cia &#8211; Micha\u0142 M\u0142ynarczyk Projekt budowlany i wykonawczy realizowany przez Plus 48 Grupa Projektowa s.c. Powr\u00f3t do listy realizacji<\/p>\n<p><a class=\"moretag\" href=\"https:\/\/awaw.pl\/?page_id=96\">Read more<\/a><\/p>\n","protected":false},"author":1,"featured_media":103,"parent":0,"menu_order":0,"comment_status":"closed","ping_status":"closed","template":"","meta":{"_vp_format_video_url":"","_vp_image_focal_point":[]},"_links":{"self":[{"href":"https:\/\/awaw.pl\/index.php?rest_route=\/wp\/v2\/pages\/96"}],"collection":[{"href":"https:\/\/awaw.pl\/index.php?rest_route=\/wp\/v2\/pages"}],"about":[{"href":"https:\/\/awaw.pl\/index.php?rest_route=\/wp\/v2\/types\/page"}],"author":[{"embeddable":true,"href":"https:\/\/awaw.pl\/index.php?rest_route=\/wp\/v2\/users\/1"}],"replies":[{"embeddable":true,"href":"https:\/\/awaw.pl\/index.php?rest_route=%2Fwp%2Fv2%2Fcomments&post=96"}],"version-history":[{"count":13,"href":"https:\/\/awaw.pl\/index.php?rest_route=\/wp\/v2\/pages\/96\/revisions"}],"predecessor-version":[{"id":301,"href":"https:\/\/awaw.pl\/index.php?rest_route=\/wp\/v2\/pages\/96\/revisions\/301"}],"wp:featuredmedia":[{"embeddable":true,"href":"https:\/\/awaw.pl\/index.php?rest_route=\/wp\/v2\/media\/103"}],"wp:attachment":[{"href":"https:\/\/awaw.pl\/index.php?rest_route=%2Fwp%2Fv2%2Fmedia&parent=96"}],"curies":[{"name":"wp","href":"https:\/\/api.w.org\/{rel}","templated":true}]}}